{"id":93,"date":"2015-12-15T23:42:18","date_gmt":"2015-12-15T22:42:18","guid":{"rendered":"http:\/\/wkb.se\/?page_id=93"},"modified":"2024-10-01T13:40:59","modified_gmt":"2024-10-01T12:40:59","slug":"wkb-vastberga","status":"publish","type":"page","link":"https:\/\/wkb.se\/?page_id=93","title":{"rendered":"WKB V\u00e4stberga"},"content":{"rendered":"<p>[et_pb_section fb_built=&#8221;1&#8243; fullwidth=&#8221;on&#8221; custom_padding_last_edited=&#8221;on|desktop&#8221; admin_label=&#8221;Sektion&#8221; _builder_version=&#8221;3.0.74&#8243; background_color=&#8221;#f3f3cd&#8221; custom_padding_tablet=&#8221;50px|0|50px|0&#8243; transparent_background=&#8221;off&#8221; padding_mobile=&#8221;off&#8221;][et_pb_fullwidth_header title=&#8221;WKB V\u00e4stberga&#8221; admin_label=&#8221;Fullwidth Header&#8221; _builder_version=&#8221;3.16&#8243; background_color=&#8221;rgba(255, 255, 255, 0)&#8221; background_layout=&#8221;light&#8221; button_one_letter_spacing_hover=&#8221;0&#8243; button_two_letter_spacing_hover=&#8221;0&#8243; button_one_text_size__hover_enabled=&#8221;off&#8221; button_two_text_size__hover_enabled=&#8221;off&#8221; button_one_text_color__hover_enabled=&#8221;off&#8221; button_two_text_color__hover_enabled=&#8221;off&#8221; button_one_border_width__hover_enabled=&#8221;off&#8221; button_two_border_width__hover_enabled=&#8221;off&#8221; button_one_border_color__hover_enabled=&#8221;off&#8221; button_two_border_color__hover_enabled=&#8221;off&#8221; button_one_border_radius__hover_enabled=&#8221;off&#8221; button_two_border_radius__hover_enabled=&#8221;off&#8221; button_one_letter_spacing__hover_enabled=&#8221;on&#8221; button_one_letter_spacing__hover=&#8221;0&#8243; button_two_letter_spacing__hover_enabled=&#8221;on&#8221; button_two_letter_spacing__hover=&#8221;0&#8243; button_one_bg_color__hover_enabled=&#8221;off&#8221; button_two_bg_color__hover_enabled=&#8221;off&#8221;] [\/et_pb_fullwidth_header][\/et_pb_section][et_pb_section fb_built=&#8221;1&#8243; admin_label=&#8221;section&#8221; _builder_version=&#8221;3.0.47&#8243;][et_pb_row admin_label=&#8221;Row&#8221; _builder_version=&#8221;3.0.48&#8243; background_size=&#8221;initial&#8221; background_position=&#8221;top_left&#8221; background_repeat=&#8221;repeat&#8221;][et_pb_column type=&#8221;1_2&#8243; _builder_version=&#8221;3.0.47&#8243; parallax=&#8221;off&#8221; parallax_method=&#8221;on&#8221;][et_pb_text admin_label=&#8221;Text&#8221; _builder_version=&#8221;3.0.87&#8243; background_size=&#8221;initial&#8221; background_position=&#8221;top_left&#8221; background_repeat=&#8221;repeat&#8221; use_border_color=&#8221;off&#8221; border_color=&#8221;#ffffff&#8221; border_style=&#8221;solid&#8221;]<\/p>\n<div>WKB V\u00e4stberga erbjuder en perfekt plats f\u00f6r exklusiva event d\u00e4r ni kan abonnera hela lokalen. Med en restaurangdel som rymmer upp till 350 sittplatser och en separat, lugnare del f\u00f6r aff\u00e4rsluncher, \u00e4r WKB V\u00e4stberga anpassat f\u00f6r b\u00e5de stora och sm\u00e5 s\u00e4llskap. Den rymliga konferensdelen p\u00e5 bottenplan, med direkt entr\u00e9 fr\u00e5n gatan, ger dessutom m\u00f6jlighet till flexibla l\u00f6sningar f\u00f6r konferenser och m\u00f6ten.<\/div>\n<div><\/div>\n<div>Restaurangen \u00e4r k\u00e4nd f\u00f6r sin goda lunchbuff\u00e9 och sin h\u00f6ga kvalitet p\u00e5 r\u00e5varor, d\u00e4r k\u00f6ksm\u00e4stare Jonas Tjernberg st\u00e5r bakom varje v\u00e4lkomponerad r\u00e4tt. Genom att abonnera WKB V\u00e4stberga f\u00e5r ni inte bara tillg\u00e5ng till en fantastisk matupplevelse, utan ocks\u00e5 en lokal som passar f\u00f6r allt fr\u00e5n f\u00f6retagsevent och konferenser till privata middagar, br\u00f6llopsfester och st\u00f6rre firanden. Oavsett vilket typ av evenemang ni planerar, kan vi skapa en skr\u00e4ddarsydd l\u00f6sning som uppfyller era behov och f\u00f6rv\u00e4ntningar.<\/div>\n<p>&nbsp;<\/p>\n<div class=\"et_pb_text et_pb_module et_pb_bg_layout_light et_pb_text_align_left et_pb_text_1\">\n<h4><strong>Konferenslokaler<\/strong><\/h4>\n<p>Hyra f\u00f6r Heldag\/Halvdag\/Per timme.<br \/><strong>Nova<\/strong><span>\u00a0ca 65 platser \u2013 6100kr\/3700kr\/1400kr<\/span><br \/><strong>Orion<\/strong><span>\u00a0ca 30 platser \u2013 3800kr\/2700kr\/900kr<\/span><br \/><strong>Najaden<\/strong><span>\u00a0ca 10 platser \u2013 1800kr\/1000kr\/400kr<\/span><br \/><strong>Pegasus<\/strong><span>\u00a0ca 8 platser \u2013 1400kr\/800kr\/350kr<\/span><br \/><strong>Sirius<\/strong><span>\u00a0ca 8 platser \u2013 1400kr\/800kr\/350kr<\/span><\/p>\n<p><em>Alla konferensrum kan omm\u00f6bleras f\u00f6r att anpassas efter hur m\u00e5nga ni \u00e4r. Olika sittningar \u00e4r t.ex.\u00a0<\/em><em>Biosittning\/<\/em><em>Skolsittning\/<\/em><em>U-sittning\/<\/em><em>Styrelsesittning\/<\/em><em>\u00d6ar.\u00a0<\/em><em>Ordinarie m\u00f6blering \u00e4r Nova-Skolsittning\/Orion-Skolsittning\/\u00d6vriga-Styrelsesittning. Om omm\u00f6blering \u00f6nskas tillkommer en avgift p\u00e5 500 kr.\u00a0<\/em><\/p>\n<p><em><span>Avbokningsregler: Vid avbokning 1-2 dagar innan g\u00e4ller full betalning. Vid avbokning 3-5 dagar innan g\u00e4ller 50% betalning.<\/span><\/em><\/p>\n<p><em>Till\u00e4gg efter kl.17: 500 kr<\/em><\/p>\n<p><em>Helgtill\u00e4gg: 1500 kr<\/em><\/p>\n<\/div>\n<div class=\"et_pb_text et_pb_module et_pb_bg_layout_light et_pb_text_align_left et_pb_text_2\">\n<h4><strong>Mat&amp;Dryck vid\u00a0konferens<\/strong><\/h4>\n<p><strong>F\u00f6r-\/Eftermiddagsfika \u2013 65 kr<\/strong><br \/><strong>Matig macka\/wraps \u2013 75 kr<\/strong><br \/><b>Reserverat bord i restaurangen \u2013 140 k<strong>r<\/strong><\/b><\/p>\n<p><strong>Kaffe \u2013 30 kr<\/strong><br \/><strong>Loka\/l\u00e4tt\u00f6l\/l\u00e4sk \u2013 25 kr<\/strong><br \/><strong>Juice \u2013 30 kr<\/strong><br \/><strong>Fralla \u2013 35 kr<\/strong><br \/><strong>Fikabr\u00f6d \u2013 30 kr<\/strong><br \/><strong>Fruktkorg \u2013 30 kr \/pers<\/strong><br \/><strong>Smoothie \u2013 35 kr<\/strong><\/p>\n<p><em>Fr\u00e5ga oss g\u00e4rna om ni har \u00f6vriga \u00f6nskem\u00e5l p\u00e5 buff\u00e9er, snittar, kanap\u00e9er, middagar, sm\u00f6rg\u00e5st\u00e5rtor m.m.\u00a0<\/em><em>Samtliga priser \u00e4r per person och ex moms.<\/em><\/p>\n<p><em><strong>Mejla vastberga@wkb.se f\u00f6r bokning av konferens.<\/strong><\/em><\/p>\n<\/div>\n<p>[\/et_pb_text][\/et_pb_column][et_pb_column type=&#8221;1_2&#8243; _builder_version=&#8221;3.0.47&#8243; parallax=&#8221;off&#8221; parallax_method=&#8221;on&#8221;][et_pb_gallery gallery_ids=&#8221;835,1399,1519,1520,1521,1524&#8243; posts_number=&#8221;9&#8243; show_title_and_caption=&#8221;off&#8221; show_pagination=&#8221;off&#8221; admin_label=&#8221;Galleri&#8221; _builder_version=&#8221;3.0.87&#8243; use_border_color=&#8221;off&#8221; border_color=&#8221;#ffffff&#8221; border_style=&#8221;solid&#8221;] [\/et_pb_gallery][\/et_pb_column][\/et_pb_row][\/et_pb_section][et_pb_section fb_built=&#8221;1&#8243; fullwidth=&#8221;on&#8221; custom_padding_last_edited=&#8221;on|desktop&#8221; admin_label=&#8221;Section&#8221; _builder_version=&#8221;3.0.74&#8243; background_color=&#8221;#000000&#8243; custom_padding_tablet=&#8221;50px|0|50px|0&#8243; transparent_background=&#8221;off&#8221; padding_mobile=&#8221;off&#8221;][\/et_pb_section]<\/p>\n","protected":false},"excerpt":{"rendered":"<p>[et_pb_section fb_built=&#8221;1&#8243; fullwidth=&#8221;on&#8221; custom_padding_last_edited=&#8221;on|desktop&#8221; admin_label=&#8221;Sektion&#8221; _builder_version=&#8221;3.0.74&#8243; background_color=&#8221;#f3f3cd&#8221; custom_padding_tablet=&#8221;50px|0|50px|0&#8243; transparent_background=&#8221;off&#8221; padding_mobile=&#8221;off&#8221;][et_pb_fullwidth_header title=&#8221;WKB V\u00e4stberga&#8221; admin_label=&#8221;Fullwidth Header&#8221; _builder_version=&#8221;3.16&#8243; background_color=&#8221;rgba(255, 255, 255, 0)&#8221; background_layout=&#8221;light&#8221; button_one_letter_spacing_hover=&#8221;0&#8243; button_two_letter_spacing_hover=&#8221;0&#8243; button_one_text_size__hover_enabled=&#8221;off&#8221; button_two_text_size__hover_enabled=&#8221;off&#8221; button_one_text_color__hover_enabled=&#8221;off&#8221; button_two_text_color__hover_enabled=&#8221;off&#8221; button_one_border_width__hover_enabled=&#8221;off&#8221; button_two_border_width__hover_enabled=&#8221;off&#8221; button_one_border_color__hover_enabled=&#8221;off&#8221; button_two_border_color__hover_enabled=&#8221;off&#8221; button_one_border_radius__hover_enabled=&#8221;off&#8221; button_two_border_radius__hover_enabled=&#8221;off&#8221; button_one_letter_spacing__hover_enabled=&#8221;on&#8221; button_one_letter_spacing__hover=&#8221;0&#8243; button_two_letter_spacing__hover_enabled=&#8221;on&#8221; button_two_letter_spacing__hover=&#8221;0&#8243; button_one_bg_color__hover_enabled=&#8221;off&#8221; button_two_bg_color__hover_enabled=&#8221;off&#8221;] [\/et_pb_fullwidth_header][\/et_pb_section][et_pb_section fb_built=&#8221;1&#8243; admin_label=&#8221;section&#8221; _builder_version=&#8221;3.0.47&#8243;][et_pb_row admin_label=&#8221;Row&#8221; _builder_version=&#8221;3.0.48&#8243; background_size=&#8221;initial&#8221; background_position=&#8221;top_left&#8221; background_repeat=&#8221;repeat&#8221;][et_pb_column type=&#8221;1_2&#8243; _builder_version=&#8221;3.0.47&#8243; parallax=&#8221;off&#8221; parallax_method=&#8221;on&#8221;][et_pb_text admin_label=&#8221;Text&#8221; _builder_version=&#8221;3.0.87&#8243; background_size=&#8221;initial&#8221; background_position=&#8221;top_left&#8221; [&hellip;]<\/p>\n","protected":false},"author":1,"featured_media":0,"parent":58,"menu_order":0,"comment_status":"closed","ping_status":"closed","template":"","meta":{"_et_pb_use_builder":"on","_et_pb_old_content":"","footnotes":""},"class_list":["post-93","page","type-page","status-publish","hentry"],"_links":{"self":[{"href":"https:\/\/wkb.se\/index.php?rest_route=\/wp\/v2\/pages\/93"}],"collection":[{"href":"https:\/\/wkb.se\/index.php?rest_route=\/wp\/v2\/pages"}],"about":[{"href":"https:\/\/wkb.se\/index.php?rest_route=\/wp\/v2\/types\/page"}],"author":[{"embeddable":true,"href":"https:\/\/wkb.se\/index.php?rest_route=\/wp\/v2\/users\/1"}],"replies":[{"embeddable":true,"href":"https:\/\/wkb.se\/index.php?rest_route=%2Fwp%2Fv2%2Fcomments&post=93"}],"version-history":[{"count":27,"href":"https:\/\/wkb.se\/index.php?rest_route=\/wp\/v2\/pages\/93\/revisions"}],"predecessor-version":[{"id":59893,"href":"https:\/\/wkb.se\/index.php?rest_route=\/wp\/v2\/pages\/93\/revisions\/59893"}],"up":[{"embeddable":true,"href":"https:\/\/wkb.se\/index.php?rest_route=\/wp\/v2\/pages\/58"}],"wp:attachment":[{"href":"https:\/\/wkb.se\/index.php?rest_route=%2Fwp%2Fv2%2Fmedia&parent=93"}],"curies":[{"name":"wp","href":"https:\/\/api.w.org\/{rel}","templated":true}]}}