{"id":89,"date":"2015-12-15T23:41:56","date_gmt":"2015-12-15T22:41:56","guid":{"rendered":"http:\/\/wkb.se\/?page_id=89"},"modified":"2024-09-27T17:48:33","modified_gmt":"2024-09-27T16:48:33","slug":"wkb-gardet","status":"publish","type":"page","link":"https:\/\/wkb.se\/?page_id=89","title":{"rendered":"WKB G\u00e4rdet"},"content":{"rendered":"<p>[et_pb_section fb_built=&#8221;1&#8243; fullwidth=&#8221;on&#8221; custom_padding_last_edited=&#8221;on|desktop&#8221; admin_label=&#8221;Sektion&#8221; _builder_version=&#8221;3.0.74&#8243; background_color=&#8221;#f3f3cd&#8221; custom_padding_tablet=&#8221;50px|0|50px|0&#8243; transparent_background=&#8221;off&#8221; padding_mobile=&#8221;off&#8221;][et_pb_fullwidth_header title=&#8221;WKB G\u00e4rdet&#8221; admin_label=&#8221;Fullwidth Header&#8221; _builder_version=&#8221;3.16&#8243; background_color=&#8221;rgba(255, 255, 255, 0)&#8221; background_layout=&#8221;light&#8221; button_one_letter_spacing_hover=&#8221;0&#8243; button_two_letter_spacing_hover=&#8221;0&#8243; button_one_text_size__hover_enabled=&#8221;off&#8221; button_two_text_size__hover_enabled=&#8221;off&#8221; button_one_text_color__hover_enabled=&#8221;off&#8221; button_two_text_color__hover_enabled=&#8221;off&#8221; button_one_border_width__hover_enabled=&#8221;off&#8221; button_two_border_width__hover_enabled=&#8221;off&#8221; button_one_border_color__hover_enabled=&#8221;off&#8221; button_two_border_color__hover_enabled=&#8221;off&#8221; button_one_border_radius__hover_enabled=&#8221;off&#8221; button_two_border_radius__hover_enabled=&#8221;off&#8221; button_one_letter_spacing__hover_enabled=&#8221;on&#8221; button_one_letter_spacing__hover=&#8221;0&#8243; button_two_letter_spacing__hover_enabled=&#8221;on&#8221; button_two_letter_spacing__hover=&#8221;0&#8243; button_one_bg_color__hover_enabled=&#8221;off&#8221; button_two_bg_color__hover_enabled=&#8221;off&#8221;] [\/et_pb_fullwidth_header][\/et_pb_section][et_pb_section fb_built=&#8221;1&#8243; admin_label=&#8221;section&#8221; _builder_version=&#8221;3.0.47&#8243;][et_pb_row admin_label=&#8221;Row&#8221; _builder_version=&#8221;3.0.48&#8243; background_size=&#8221;initial&#8221; background_position=&#8221;top_left&#8221; background_repeat=&#8221;repeat&#8221;][et_pb_column type=&#8221;1_2&#8243; _builder_version=&#8221;3.0.47&#8243; parallax=&#8221;off&#8221; parallax_method=&#8221;on&#8221;][et_pb_text admin_label=&#8221;Text&#8221; _builder_version=&#8221;3.0.87&#8243; background_size=&#8221;initial&#8221; background_position=&#8221;top_left&#8221; background_repeat=&#8221;repeat&#8221; use_border_color=&#8221;off&#8221; border_color=&#8221;#ffffff&#8221; border_style=&#8221;solid&#8221;]<\/p>\n<div>WKB G\u00e4rdet erbjuder en ljus och rymlig milj\u00f6 som \u00e4r perfekt f\u00f6r st\u00f6rre s\u00e4llskap och speciella tillf\u00e4llen. Den stora matsalen f\u00f6rvandlas till en festlokal som passar f\u00f6r allt fr\u00e5n br\u00f6llop till f\u00f6retagskickoffer. Med plats f\u00f6r cirka 350 sittande g\u00e4ster skapar lokalen en luftig atmosf\u00e4r d\u00e4r b\u00e5de service och kvalitet st\u00e5r i fokus.<\/div>\n<div><\/div>\n<div>Restaurangen \u00e4r centralt bel\u00e4gen p\u00e5 G\u00e4rdet, med ett utm\u00e4rkt l\u00e4ge som g\u00f6r det l\u00e4tt att ta sig hit oavsett varifr\u00e5n g\u00e4sterna kommer. G\u00e4rdets atrium, som ligger i anslutning till matsalen, erbjuder ytterligare en unik upplevelse med plats f\u00f6r cirka 70 g\u00e4ster under ett helt inglasat tak, perfekt f\u00f6r mindre och mer intima tillst\u00e4llningar.<\/div>\n<div><\/div>\n<div>V\u00e5rt k\u00f6k, under ledning av k\u00f6ksm\u00e4stare Anders Pettersson, levererar r\u00e4tter baserade p\u00e5 de finaste r\u00e5varorna och v\u00e5rt engagerade team ser till att varje g\u00e4st f\u00e5r den b\u00e4sta servicen. Oavsett om ni planerar ett stort firande eller en f\u00f6retagsmiddag, \u00e4r WKB G\u00e4rdet platsen d\u00e4r ni kan njuta av b\u00e5de uts\u00f6kt mat och en vacker milj\u00f6.<\/div>\n<p>[\/et_pb_text][\/et_pb_column][et_pb_column type=&#8221;1_2&#8243; _builder_version=&#8221;3.0.47&#8243; parallax=&#8221;off&#8221; parallax_method=&#8221;on&#8221;][et_pb_gallery gallery_ids=&#8221;1504,1526,1506,1509,1393,1395&#8243; posts_number=&#8221;9&#8243; show_title_and_caption=&#8221;off&#8221; show_pagination=&#8221;off&#8221; admin_label=&#8221;Galleri&#8221; _builder_version=&#8221;3.0.87&#8243; auto_speed=&#8221;3700&#8243; use_border_color=&#8221;off&#8221; border_color=&#8221;#ffffff&#8221; border_style=&#8221;solid&#8221;] [\/et_pb_gallery][\/et_pb_column][\/et_pb_row][\/et_pb_section][et_pb_section fb_built=&#8221;1&#8243; fullwidth=&#8221;on&#8221; custom_padding_last_edited=&#8221;on|desktop&#8221; admin_label=&#8221;Section&#8221; _builder_version=&#8221;3.0.74&#8243; background_color=&#8221;#000000&#8243; custom_padding_tablet=&#8221;50px|0|50px|0&#8243; transparent_background=&#8221;off&#8221; padding_mobile=&#8221;off&#8221;][\/et_pb_section]<\/p>\n","protected":false},"excerpt":{"rendered":"<p>[et_pb_section fb_built=&#8221;1&#8243; fullwidth=&#8221;on&#8221; custom_padding_last_edited=&#8221;on|desktop&#8221; admin_label=&#8221;Sektion&#8221; _builder_version=&#8221;3.0.74&#8243; background_color=&#8221;#f3f3cd&#8221; custom_padding_tablet=&#8221;50px|0|50px|0&#8243; transparent_background=&#8221;off&#8221; padding_mobile=&#8221;off&#8221;][et_pb_fullwidth_header title=&#8221;WKB G\u00e4rdet&#8221; admin_label=&#8221;Fullwidth Header&#8221; _builder_version=&#8221;3.16&#8243; background_color=&#8221;rgba(255, 255, 255, 0)&#8221; background_layout=&#8221;light&#8221; button_one_letter_spacing_hover=&#8221;0&#8243; button_two_letter_spacing_hover=&#8221;0&#8243; button_one_text_size__hover_enabled=&#8221;off&#8221; button_two_text_size__hover_enabled=&#8221;off&#8221; button_one_text_color__hover_enabled=&#8221;off&#8221; button_two_text_color__hover_enabled=&#8221;off&#8221; button_one_border_width__hover_enabled=&#8221;off&#8221; button_two_border_width__hover_enabled=&#8221;off&#8221; button_one_border_color__hover_enabled=&#8221;off&#8221; button_two_border_color__hover_enabled=&#8221;off&#8221; button_one_border_radius__hover_enabled=&#8221;off&#8221; button_two_border_radius__hover_enabled=&#8221;off&#8221; button_one_letter_spacing__hover_enabled=&#8221;on&#8221; button_one_letter_spacing__hover=&#8221;0&#8243; button_two_letter_spacing__hover_enabled=&#8221;on&#8221; button_two_letter_spacing__hover=&#8221;0&#8243; button_one_bg_color__hover_enabled=&#8221;off&#8221; button_two_bg_color__hover_enabled=&#8221;off&#8221;] [\/et_pb_fullwidth_header][\/et_pb_section][et_pb_section fb_built=&#8221;1&#8243; admin_label=&#8221;section&#8221; _builder_version=&#8221;3.0.47&#8243;][et_pb_row admin_label=&#8221;Row&#8221; _builder_version=&#8221;3.0.48&#8243; background_size=&#8221;initial&#8221; background_position=&#8221;top_left&#8221; background_repeat=&#8221;repeat&#8221;][et_pb_column type=&#8221;1_2&#8243; _builder_version=&#8221;3.0.47&#8243; parallax=&#8221;off&#8221; parallax_method=&#8221;on&#8221;][et_pb_text admin_label=&#8221;Text&#8221; _builder_version=&#8221;3.0.87&#8243; background_size=&#8221;initial&#8221; background_position=&#8221;top_left&#8221; [&hellip;]<\/p>\n","protected":false},"author":1,"featured_media":0,"parent":58,"menu_order":0,"comment_status":"closed","ping_status":"closed","template":"","meta":{"_et_pb_use_builder":"on","_et_pb_old_content":"","footnotes":""},"class_list":["post-89","page","type-page","status-publish","hentry"],"_links":{"self":[{"href":"https:\/\/wkb.se\/index.php?rest_route=\/wp\/v2\/pages\/89"}],"collection":[{"href":"https:\/\/wkb.se\/index.php?rest_route=\/wp\/v2\/pages"}],"about":[{"href":"https:\/\/wkb.se\/index.php?rest_route=\/wp\/v2\/types\/page"}],"author":[{"embeddable":true,"href":"https:\/\/wkb.se\/index.php?rest_route=\/wp\/v2\/users\/1"}],"replies":[{"embeddable":true,"href":"https:\/\/wkb.se\/index.php?rest_route=%2Fwp%2Fv2%2Fcomments&post=89"}],"version-history":[{"count":41,"href":"https:\/\/wkb.se\/index.php?rest_route=\/wp\/v2\/pages\/89\/revisions"}],"predecessor-version":[{"id":59881,"href":"https:\/\/wkb.se\/index.php?rest_route=\/wp\/v2\/pages\/89\/revisions\/59881"}],"up":[{"embeddable":true,"href":"https:\/\/wkb.se\/index.php?rest_route=\/wp\/v2\/pages\/58"}],"wp:attachment":[{"href":"https:\/\/wkb.se\/index.php?rest_route=%2Fwp%2Fv2%2Fmedia&parent=89"}],"curies":[{"name":"wp","href":"https:\/\/api.w.org\/{rel}","templated":true}]}}