{"id":79,"date":"2015-12-15T23:39:18","date_gmt":"2015-12-15T22:39:18","guid":{"rendered":"http:\/\/wkb.se\/?page_id=79"},"modified":"2025-01-06T19:56:11","modified_gmt":"2025-01-06T18:56:11","slug":"wkb-gardet","status":"publish","type":"page","link":"https:\/\/wkb.se\/?page_id=79","title":{"rendered":"WKB G\u00e4rdet"},"content":{"rendered":"<p>[et_pb_section fb_built=&#8221;1&#8243; fullwidth=&#8221;on&#8221; custom_padding_last_edited=&#8221;on|desktop&#8221; _builder_version=&#8221;3.0.95&#8243; background_color=&#8221;#f3f3cd&#8221; custom_padding_tablet=&#8221;50px|0|50px|0&#8243; transparent_background=&#8221;off&#8221; padding_mobile=&#8221;off&#8221;][et_pb_fullwidth_header title=&#8221;WKB G\u00e4rdet Lunchbuff\u00e9&#8221; text_orientation=&#8221;center&#8221; logo_image_url=&#8221;http:\/\/wkb.se\/wp-content\/uploads\/2015\/12\/wkb_gardet_logoS.png&#8221; _builder_version=&#8221;3.19.11&#8243; background_color=&#8221;#ffffff&#8221; background_layout=&#8221;light&#8221; button_one_text_size__hover_enabled=&#8221;off&#8221; button_two_text_size__hover_enabled=&#8221;off&#8221; button_one_text_color__hover_enabled=&#8221;off&#8221; button_two_text_color__hover_enabled=&#8221;off&#8221; button_one_border_width__hover_enabled=&#8221;off&#8221; button_two_border_width__hover_enabled=&#8221;off&#8221; button_one_border_color__hover_enabled=&#8221;off&#8221; button_two_border_color__hover_enabled=&#8221;off&#8221; button_one_border_radius__hover_enabled=&#8221;off&#8221; button_two_border_radius__hover_enabled=&#8221;off&#8221; button_one_letter_spacing__hover_enabled=&#8221;off&#8221; button_two_letter_spacing__hover_enabled=&#8221;off&#8221; button_one_bg_color__hover_enabled=&#8221;off&#8221; button_two_bg_color__hover_enabled=&#8221;off&#8221;]<\/p>\n<p>Serveras vardagar 9.00-14.00, 140kr inkl. sm\u00f6r, br\u00f6d, sallad, m\u00e5ltidsdryck, kaffe &amp; kaka. Take away 140kr, sm\u00f6r, br\u00f6d, sallad samt tetradryck ing\u00e5r. Lunchkuponger 10st, 1300kr. Telefon: <a href=\"08-662%2004 00\">08-662 04 00<\/a> Mail: <a href=\"mailto:gardet@wkb.se\">gardet@wkb.se<\/a><\/p>\n<p>[\/et_pb_fullwidth_header][\/et_pb_section][et_pb_section fb_built=&#8221;1&#8243; custom_padding_last_edited=&#8221;on|desktop&#8221; admin_label=&#8221;section&#8221; _builder_version=&#8221;3.19.11&#8243; custom_padding_tablet=&#8221;50px|0|50px|0&#8243; transparent_background=&#8221;off&#8221; padding_mobile=&#8221;off&#8221;][et_pb_row padding_mobile=&#8221;off&#8221; column_padding_mobile=&#8221;on&#8221; parallax_method_1=&#8221;off&#8221; _builder_version=&#8221;3.0.47&#8243; background_size=&#8221;initial&#8221; background_position=&#8221;top_left&#8221; background_repeat=&#8221;repeat&#8221;][et_pb_column type=&#8221;4_4&#8243; _builder_version=&#8221;3.0.47&#8243; column_padding_mobile=&#8221;on&#8221; parallax=&#8221;off&#8221; parallax_method=&#8221;off&#8221;][et_pb_text _builder_version=&#8221;3.0.95&#8243; background_size=&#8221;initial&#8221; background_position=&#8221;top_left&#8221; background_repeat=&#8221;repeat&#8221; use_border_color=&#8221;off&#8221; border_color=&#8221;#ffffff&#8221; border_style=&#8221;solid&#8221;]<strong><a href=\"https:\/\/wkb.se\/?page_id=79&amp;print=1\" title=\"Skriv ut\" rel=\"nofollow\"><img decoding=\"async\" class=\"WP-PrintIcon\" src=\"https:\/\/wkb.se\/wp-content\/plugins\/wp-print\/images\/print.gif\" alt=\"Skriv ut\" title=\"Skriv ut\" style=\"border: 0px;\" \/><\/a>&nbsp;<a href=\"https:\/\/wkb.se\/?page_id=79&amp;print=1\" title=\"Skriv ut\" rel=\"nofollow\">Skriv ut<\/a><\/strong><br \/>\n[\/et_pb_text][et_pb_blog posts_number=&#8221;1&#8243; include_categories=&#8221;18&#8243; show_thumbnail=&#8221;off&#8221; show_content=&#8221;on&#8221; show_author=&#8221;off&#8221; show_date=&#8221;off&#8221; show_categories=&#8221;off&#8221; show_pagination=&#8221;off&#8221; _builder_version=&#8221;3.0.95&#8243; pagination_font_size_tablet=&#8221;51&#8243; pagination_line_height_tablet=&#8221;2&#8243; use_border_color=&#8221;off&#8221;]&nbsp;<br \/>\n[\/et_pb_blog][et_pb_text _builder_version=&#8221;3.0.95&#8243; background_size=&#8221;initial&#8221; background_position=&#8221;top_left&#8221; background_repeat=&#8221;repeat&#8221; use_border_color=&#8221;off&#8221; border_color=&#8221;#ffffff&#8221; border_style=&#8221;solid&#8221;]<strong><a href=\"https:\/\/wkb.se\/?page_id=79&amp;print=1\" title=\"Skriv ut\" rel=\"nofollow\"><img decoding=\"async\" class=\"WP-PrintIcon\" src=\"https:\/\/wkb.se\/wp-content\/plugins\/wp-print\/images\/print.gif\" alt=\"Skriv ut\" title=\"Skriv ut\" style=\"border: 0px;\" \/><\/a>&nbsp;<a href=\"https:\/\/wkb.se\/?page_id=79&amp;print=1\" title=\"Skriv ut\" rel=\"nofollow\">Skriv ut<\/a><\/strong><br \/>\n[\/et_pb_text][\/et_pb_column][\/et_pb_row][\/et_pb_section][et_pb_section fb_built=&#8221;1&#8243; custom_padding_last_edited=&#8221;on|desktop&#8221; _builder_version=&#8221;3.0.74&#8243; background_color=&#8221;#f3f3cd&#8221; custom_padding_tablet=&#8221;50px|0|50px|0&#8243; transparent_background=&#8221;off&#8221; padding_mobile=&#8221;off&#8221;][et_pb_row _builder_version=&#8221;3.0.47&#8243; background_size=&#8221;initial&#8221; background_position=&#8221;top_left&#8221; background_repeat=&#8221;repeat&#8221;][et_pb_column type=&#8221;4_4&#8243; _builder_version=&#8221;3.0.47&#8243; parallax=&#8221;off&#8221; parallax_method=&#8221;on&#8221;][et_pb_text _builder_version=&#8221;3.0.95&#8243; background_size=&#8221;initial&#8221; background_position=&#8221;top_left&#8221; background_repeat=&#8221;repeat&#8221; text_orientation=&#8221;center&#8221; module_alignment=&#8221;center&#8221; use_border_color=&#8221;off&#8221; border_color=&#8221;#ffffff&#8221; border_style=&#8221;solid&#8221;]<\/p>\n<p><strong>SMAKLIG M\u00c5LTID !<\/strong> Med reservation f\u00f6r \u00e4ndringar.<br \/> WKB G\u00e4rdet, Sandhamnsg. 69, 115 28 Stockholm, Tel. 08-662 04 00,\u00a0gardet@wkb.se<\/p>\n<p>[\/et_pb_text][\/et_pb_column][\/et_pb_row][\/et_pb_section]<\/p>\n","protected":false},"excerpt":{"rendered":"<p>[et_pb_section fb_built=&#8221;1&#8243; fullwidth=&#8221;on&#8221; custom_padding_last_edited=&#8221;on|desktop&#8221; _builder_version=&#8221;3.0.95&#8243; background_color=&#8221;#f3f3cd&#8221; custom_padding_tablet=&#8221;50px|0|50px|0&#8243; transparent_background=&#8221;off&#8221; padding_mobile=&#8221;off&#8221;][et_pb_fullwidth_header title=&#8221;WKB G\u00e4rdet Lunchbuff\u00e9&#8221; text_orientation=&#8221;center&#8221; logo_image_url=&#8221;http:\/\/wkb.se\/wp-content\/uploads\/2015\/12\/wkb_gardet_logoS.png&#8221; _builder_version=&#8221;3.19.11&#8243; background_color=&#8221;#ffffff&#8221; background_layout=&#8221;light&#8221; button_one_text_size__hover_enabled=&#8221;off&#8221; button_two_text_size__hover_enabled=&#8221;off&#8221; button_one_text_color__hover_enabled=&#8221;off&#8221; button_two_text_color__hover_enabled=&#8221;off&#8221; button_one_border_width__hover_enabled=&#8221;off&#8221; button_two_border_width__hover_enabled=&#8221;off&#8221; button_one_border_color__hover_enabled=&#8221;off&#8221; button_two_border_color__hover_enabled=&#8221;off&#8221; button_one_border_radius__hover_enabled=&#8221;off&#8221; button_two_border_radius__hover_enabled=&#8221;off&#8221; button_one_letter_spacing__hover_enabled=&#8221;off&#8221; button_two_letter_spacing__hover_enabled=&#8221;off&#8221; button_one_bg_color__hover_enabled=&#8221;off&#8221; button_two_bg_color__hover_enabled=&#8221;off&#8221;] Serveras vardagar 9.00-14.00, 140kr inkl. sm\u00f6r, br\u00f6d, sallad, m\u00e5ltidsdryck, kaffe &amp; kaka. Take away 140kr, sm\u00f6r, br\u00f6d, sallad samt tetradryck ing\u00e5r. Lunchkuponger 10st, 1300kr. [&hellip;]<\/p>\n","protected":false},"author":1,"featured_media":0,"parent":56,"menu_order":0,"comment_status":"closed","ping_status":"closed","template":"","meta":{"_et_pb_use_builder":"on","_et_pb_old_content":"","footnotes":""},"class_list":["post-79","page","type-page","status-publish","hentry"],"_links":{"self":[{"href":"https:\/\/wkb.se\/index.php?rest_route=\/wp\/v2\/pages\/79"}],"collection":[{"href":"https:\/\/wkb.se\/index.php?rest_route=\/wp\/v2\/pages"}],"about":[{"href":"https:\/\/wkb.se\/index.php?rest_route=\/wp\/v2\/types\/page"}],"author":[{"embeddable":true,"href":"https:\/\/wkb.se\/index.php?rest_route=\/wp\/v2\/users\/1"}],"replies":[{"embeddable":true,"href":"https:\/\/wkb.se\/index.php?rest_route=%2Fwp%2Fv2%2Fcomments&post=79"}],"version-history":[{"count":87,"href":"https:\/\/wkb.se\/index.php?rest_route=\/wp\/v2\/pages\/79\/revisions"}],"predecessor-version":[{"id":60140,"href":"https:\/\/wkb.se\/index.php?rest_route=\/wp\/v2\/pages\/79\/revisions\/60140"}],"up":[{"embeddable":true,"href":"https:\/\/wkb.se\/index.php?rest_route=\/wp\/v2\/pages\/56"}],"wp:attachment":[{"href":"https:\/\/wkb.se\/index.php?rest_route=%2Fwp%2Fv2%2Fmedia&parent=79"}],"curies":[{"name":"wp","href":"https:\/\/api.w.org\/{rel}","templated":true}]}}