{"id":66,"date":"2015-12-15T23:35:05","date_gmt":"2015-12-15T22:35:05","guid":{"rendered":"http:\/\/wkb.se\/?page_id=66"},"modified":"2025-06-24T17:26:20","modified_gmt":"2025-06-24T16:26:20","slug":"kontakt","status":"publish","type":"page","link":"https:\/\/wkb.se\/?page_id=66","title":{"rendered":"Kontakt"},"content":{"rendered":"<p>[et_pb_section fb_built=&#8221;1&#8243; inner_shadow=&#8221;on&#8221; fullwidth=&#8221;on&#8221; custom_padding_last_edited=&#8221;on|desktop&#8221; admin_label=&#8221;section&#8221; _builder_version=&#8221;3.0.74&#8243; background_color=&#8221;#f3f3cd&#8221; custom_padding_tablet=&#8221;50px|0|50px|0&#8243; transparent_background=&#8221;off&#8221; padding_mobile=&#8221;off&#8221;][et_pb_fullwidth_header title=&#8221;Kontakta WKB&#8221; subhead=&#8221;H\u00e4r hittar du kontaktinformation till alla restauranger&#8221; _builder_version=&#8221;3.16&#8243; background_color=&#8221;rgba(255, 255, 255, 0)&#8221; background_layout=&#8221;light&#8221; button_one_letter_spacing_hover=&#8221;0&#8243; button_two_letter_spacing_hover=&#8221;0&#8243; button_one_text_size__hover_enabled=&#8221;off&#8221; button_two_text_size__hover_enabled=&#8221;off&#8221; button_one_text_color__hover_enabled=&#8221;off&#8221; button_two_text_color__hover_enabled=&#8221;off&#8221; button_one_border_width__hover_enabled=&#8221;off&#8221; button_two_border_width__hover_enabled=&#8221;off&#8221; button_one_border_color__hover_enabled=&#8221;off&#8221; button_two_border_color__hover_enabled=&#8221;off&#8221; button_one_border_radius__hover_enabled=&#8221;off&#8221; button_two_border_radius__hover_enabled=&#8221;off&#8221; button_one_letter_spacing__hover_enabled=&#8221;on&#8221; button_one_letter_spacing__hover=&#8221;0&#8243; button_two_letter_spacing__hover_enabled=&#8221;on&#8221; button_two_letter_spacing__hover=&#8221;0&#8243; button_one_bg_color__hover_enabled=&#8221;off&#8221; button_two_bg_color__hover_enabled=&#8221;off&#8221;][\/et_pb_fullwidth_header][\/et_pb_section][et_pb_section fb_built=&#8221;1&#8243; _builder_version=&#8221;3.19.11&#8243;][et_pb_row _builder_version=&#8221;3.19.11&#8243;][et_pb_column type=&#8221;1_3&#8243; _builder_version=&#8221;3.19.11&#8243; parallax=&#8221;off&#8221; parallax_method=&#8221;on&#8221;][et_pb_blurb title=&#8221;WKB Restauranger&#8221; image=&#8221;http:\/\/wkb.se\/wp-content\/uploads\/2019\/01\/WKB-Logo.png&#8221; _builder_version=&#8221;3.19.11&#8243; background_size=&#8221;initial&#8221; background_position=&#8221;top_left&#8221; background_repeat=&#8221;repeat&#8221; text_orientation=&#8221;center&#8221; use_border_color=&#8221;off&#8221; border_color=&#8221;#aaaaaa&#8221; border_width=&#8221;3px&#8221; border_style=&#8221;solid&#8221;]<\/p>\n<p>West Wong &#8211; Grundare och \u00c4gare av WKB Restauranger sedan 1989.<\/p>\n<p>Kontakta <a href=\"mailto:info@wkb.se\"><b>info@wkb.se<\/b><\/a>\u00a0f\u00f6r tips p\u00e5 restauranglokaler och samarbete!<\/p>\n<p>Vill du jobba p\u00e5 WKB? Skicka\u00a0CV och personligt brev till<a href=\"mailto:info@wkb.se\"><strong> info@wkb.se<\/strong><\/a>.<\/p>\n<p>&nbsp;<\/p>\n<p>[\/et_pb_blurb][\/et_pb_column][et_pb_column type=&#8221;1_3&#8243; _builder_version=&#8221;3.19.11&#8243; parallax=&#8221;off&#8221; parallax_method=&#8221;on&#8221;][et_pb_blurb title=&#8221;WKB G\u00e4rdet&#8221; image=&#8221;http:\/\/wkb.se\/wp-content\/uploads\/2016\/02\/wkb_gardet_logoS.png&#8221; _builder_version=&#8221;3.19.11&#8243; background_size=&#8221;initial&#8221; background_position=&#8221;top_left&#8221; background_repeat=&#8221;repeat&#8221; text_orientation=&#8221;center&#8221; max_width_tablet=&#8221;50px&#8221; use_border_color=&#8221;off&#8221;]<\/p>\n<p><strong>\u00d6ppet:<\/strong> vardagar 09.00-14.00<br \/> Sandhamnsg. 69, 115 28 Stockholm<br \/> Tel. <a href=\"08-6620400\">08-6620400<\/a><br \/> <a href=\"mailto:gardet@wkb.se\"><strong>gardet@wkb.se<\/strong><\/a><\/p>\n<p><strong>K\u00f6ksm\u00e4stare: <\/strong>Anders Pettersson<\/p>\n<p><strong>RESTAURANG &#8211; FESTV\u00c5NING &#8211; CATERING<\/strong><\/p>\n<p>&nbsp;<\/p>\n<p>[\/et_pb_blurb][\/et_pb_column][et_pb_column type=&#8221;1_3&#8243; _builder_version=&#8221;3.19.11&#8243; parallax=&#8221;off&#8221; parallax_method=&#8221;on&#8221;][et_pb_blurb title=&#8221;WKB V\u00e4stberga&#8221; image=&#8221;http:\/\/wkb.se\/wp-content\/uploads\/2015\/12\/wkb_vastberga_logoPNGS.png&#8221; _builder_version=&#8221;3.19.11&#8243; background_size=&#8221;initial&#8221; background_position=&#8221;top_left&#8221; background_repeat=&#8221;repeat&#8221; text_orientation=&#8221;center&#8221; max_width_tablet=&#8221;50px&#8221; use_border_color=&#8221;off&#8221;]<\/p>\n<p><strong>\u00d6ppet:<\/strong> vardagar 09.00-14.00<br \/> V\u00e4stberga all\u00e9 36A 2tr, 126 30 H\u00e4gersten<br \/> Tel. <a href=\"08-185035\">08-185035<\/a><br \/> <a href=\"mailto:vastberga@wkb.se\"><strong>vastberga@wkb.se<\/strong><\/a><\/p>\n<p><strong>K\u00f6ksm\u00e4stare:<\/strong>\u00a0Jonas Tjernberg<\/p>\n<p><strong>RESTAURANG &#8211; FESTV\u00c5NING &#8211; CATERING &#8211; KONFERENS<\/strong><\/p>\n<p>&nbsp;<\/p>\n<p>[\/et_pb_blurb][\/et_pb_column][\/et_pb_row][\/et_pb_section][et_pb_section fb_built=&#8221;1&#8243; _builder_version=&#8221;3.19.11&#8243;][et_pb_row _builder_version=&#8221;3.19.11&#8243;][et_pb_column type=&#8221;1_2&#8243; _builder_version=&#8221;3.19.11&#8243; parallax=&#8221;off&#8221; parallax_method=&#8221;on&#8221;][et_pb_text _builder_version=&#8221;3.19.11&#8243;]<\/p>\n<h1 style=\"text-align: center;\"><strong>WKB G\u00e4rdet<\/strong><\/h1>\n<p>[\/et_pb_text][et_pb_text _builder_version=&#8221;3.19.11&#8243;]<iframe loading=\"lazy\" src=\"https:\/\/www.google.com\/maps\/embed?pb=!1m18!1m12!1m3!1d2034.507026295749!2d18.11027651604588!3d59.34118388166302!2m3!1f0!2f0!3f0!3m2!1i1024!2i768!4f13.1!3m3!1m2!1s0x465f82b51cdb1451%3A0x8836030c3f6ad970!2sSandhamnsgatan%2069%2C%20115%2028%20Stockholm%2C%20Sweden!5e0!3m2!1sen!2s!4v1585434290829!5m2!1sen!2s\" width=\"100%\" height=\"450\" frameborder=\"0\" style=\"border:0;\" allowfullscreen=\"\" aria-hidden=\"false\" tabindex=\"0\"><\/iframe>[\/et_pb_text][\/et_pb_column][et_pb_column type=&#8221;1_2&#8243; _builder_version=&#8221;3.19.11&#8243; parallax=&#8221;off&#8221; parallax_method=&#8221;on&#8221;][et_pb_text _builder_version=&#8221;3.19.11&#8243;]<\/p>\n<h1 style=\"text-align: center;\"><strong>WKB\u00a0<\/strong><strong>V\u00e4stberga<\/strong><\/h1>\n<p>[\/et_pb_text][et_pb_text _builder_version=&#8221;3.19.11&#8243;]<iframe loading=\"lazy\" src=\"https:\/\/www.google.com\/maps\/embed?pb=!1m18!1m12!1m3!1d2037.3409489172998!2d18.00882861604396!3d59.29386278164651!2m3!1f0!2f0!3f0!3m2!1i1024!2i768!4f13.1!3m3!1m2!1s0x465f77af5a3a7a8d%3A0x837c816d54a4af7e!2sV%C3%A4stberga%20All%C3%A9%2036A%2C%202%20tr%2C%20126%2030%20H%C3%A4gersten%2C%20Sweden!5e0!3m2!1sen!2s!4v1585434326894!5m2!1sen!2s\" width=\"100%\" height=\"450\" frameborder=\"0\" style=\"border:0;\" allowfullscreen=\"\" aria-hidden=\"false\" tabindex=\"0\"><\/iframe>[\/et_pb_text][\/et_pb_column][\/et_pb_row][\/et_pb_section]<\/p>\n","protected":false},"excerpt":{"rendered":"<p>[et_pb_section fb_built=&#8221;1&#8243; inner_shadow=&#8221;on&#8221; fullwidth=&#8221;on&#8221; custom_padding_last_edited=&#8221;on|desktop&#8221; admin_label=&#8221;section&#8221; _builder_version=&#8221;3.0.74&#8243; background_color=&#8221;#f3f3cd&#8221; custom_padding_tablet=&#8221;50px|0|50px|0&#8243; transparent_background=&#8221;off&#8221; padding_mobile=&#8221;off&#8221;][et_pb_fullwidth_header title=&#8221;Kontakta WKB&#8221; subhead=&#8221;H\u00e4r hittar du kontaktinformation till alla restauranger&#8221; _builder_version=&#8221;3.16&#8243; background_color=&#8221;rgba(255, 255, 255, 0)&#8221; background_layout=&#8221;light&#8221; button_one_letter_spacing_hover=&#8221;0&#8243; button_two_letter_spacing_hover=&#8221;0&#8243; button_one_text_size__hover_enabled=&#8221;off&#8221; button_two_text_size__hover_enabled=&#8221;off&#8221; button_one_text_color__hover_enabled=&#8221;off&#8221; button_two_text_color__hover_enabled=&#8221;off&#8221; button_one_border_width__hover_enabled=&#8221;off&#8221; button_two_border_width__hover_enabled=&#8221;off&#8221; button_one_border_color__hover_enabled=&#8221;off&#8221; button_two_border_color__hover_enabled=&#8221;off&#8221; button_one_border_radius__hover_enabled=&#8221;off&#8221; button_two_border_radius__hover_enabled=&#8221;off&#8221; button_one_letter_spacing__hover_enabled=&#8221;on&#8221; button_one_letter_spacing__hover=&#8221;0&#8243; button_two_letter_spacing__hover_enabled=&#8221;on&#8221; button_two_letter_spacing__hover=&#8221;0&#8243; button_one_bg_color__hover_enabled=&#8221;off&#8221; button_two_bg_color__hover_enabled=&#8221;off&#8221;][\/et_pb_fullwidth_header][\/et_pb_section][et_pb_section fb_built=&#8221;1&#8243; _builder_version=&#8221;3.19.11&#8243;][et_pb_row _builder_version=&#8221;3.19.11&#8243;][et_pb_column type=&#8221;1_3&#8243; _builder_version=&#8221;3.19.11&#8243; parallax=&#8221;off&#8221; parallax_method=&#8221;on&#8221;][et_pb_blurb title=&#8221;WKB Restauranger&#8221; image=&#8221;http:\/\/wkb.se\/wp-content\/uploads\/2019\/01\/WKB-Logo.png&#8221; _builder_version=&#8221;3.19.11&#8243; [&hellip;]<\/p>\n","protected":false},"author":1,"featured_media":0,"parent":0,"menu_order":0,"comment_status":"closed","ping_status":"closed","template":"","meta":{"_et_pb_use_builder":"on","_et_pb_old_content":"","footnotes":""},"class_list":["post-66","page","type-page","status-publish","hentry"],"_links":{"self":[{"href":"https:\/\/wkb.se\/index.php?rest_route=\/wp\/v2\/pages\/66"}],"collection":[{"href":"https:\/\/wkb.se\/index.php?rest_route=\/wp\/v2\/pages"}],"about":[{"href":"https:\/\/wkb.se\/index.php?rest_route=\/wp\/v2\/types\/page"}],"author":[{"embeddable":true,"href":"https:\/\/wkb.se\/index.php?rest_route=\/wp\/v2\/users\/1"}],"replies":[{"embeddable":true,"href":"https:\/\/wkb.se\/index.php?rest_route=%2Fwp%2Fv2%2Fcomments&post=66"}],"version-history":[{"count":63,"href":"https:\/\/wkb.se\/index.php?rest_route=\/wp\/v2\/pages\/66\/revisions"}],"predecessor-version":[{"id":60552,"href":"https:\/\/wkb.se\/index.php?rest_route=\/wp\/v2\/pages\/66\/revisions\/60552"}],"wp:attachment":[{"href":"https:\/\/wkb.se\/index.php?rest_route=%2Fwp%2Fv2%2Fmedia&parent=66"}],"curies":[{"name":"wp","href":"https:\/\/api.w.org\/{rel}","templated":true}]}}