{"id":64,"date":"2015-12-15T23:34:49","date_gmt":"2015-12-15T22:34:49","guid":{"rendered":"http:\/\/wkb.se\/?page_id=64"},"modified":"2021-10-10T20:15:38","modified_gmt":"2021-10-10T19:15:38","slug":"events","status":"publish","type":"page","link":"https:\/\/wkb.se\/?page_id=64","title":{"rendered":"Events"},"content":{"rendered":"<p>[et_pb_section fb_built=&#8221;1&#8243; inner_shadow=&#8221;on&#8221; fullwidth=&#8221;on&#8221; custom_padding_last_edited=&#8221;on|desktop&#8221; admin_label=&#8221;section&#8221; _builder_version=&#8221;3.0.74&#8243; background_color=&#8221;#f3f3cd&#8221; custom_padding_tablet=&#8221;50px|0|50px|0&#8243; transparent_background=&#8221;off&#8221; padding_mobile=&#8221;off&#8221;][et_pb_fullwidth_header title=&#8221;Events&#8221; admin_label=&#8221;Fullwidth Header&#8221; _builder_version=&#8221;3.16&#8243; background_color=&#8221;rgba(255, 255, 255, 0)&#8221; background_layout=&#8221;light&#8221; button_one_letter_spacing_hover=&#8221;0&#8243; button_two_letter_spacing_hover=&#8221;0&#8243; button_one_text_size__hover_enabled=&#8221;off&#8221; button_two_text_size__hover_enabled=&#8221;off&#8221; button_one_text_color__hover_enabled=&#8221;off&#8221; button_two_text_color__hover_enabled=&#8221;off&#8221; button_one_border_width__hover_enabled=&#8221;off&#8221; button_two_border_width__hover_enabled=&#8221;off&#8221; button_one_border_color__hover_enabled=&#8221;off&#8221; button_two_border_color__hover_enabled=&#8221;off&#8221; button_one_border_radius__hover_enabled=&#8221;off&#8221; button_two_border_radius__hover_enabled=&#8221;off&#8221; button_one_letter_spacing__hover_enabled=&#8221;on&#8221; button_one_letter_spacing__hover=&#8221;0&#8243; button_two_letter_spacing__hover_enabled=&#8221;on&#8221; button_two_letter_spacing__hover=&#8221;0&#8243; button_one_bg_color__hover_enabled=&#8221;off&#8221; button_two_bg_color__hover_enabled=&#8221;off&#8221;]<\/p>\n<p>Festv\u00e5ning, catering, festivaler &amp; andra evenemang.<\/p>\n<p>[\/et_pb_fullwidth_header][\/et_pb_section][et_pb_section fb_built=&#8221;1&#8243; admin_label=&#8221;Section&#8221; _builder_version=&#8221;3.0.47&#8243;][et_pb_row admin_label=&#8221;Rad&#8221; _builder_version=&#8221;3.0.48&#8243; background_size=&#8221;initial&#8221; background_position=&#8221;top_left&#8221; background_repeat=&#8221;repeat&#8221;][et_pb_column type=&#8221;4_4&#8243; _builder_version=&#8221;3.0.47&#8243; parallax=&#8221;off&#8221; parallax_method=&#8221;on&#8221;][et_pb_text admin_label=&#8221;Text&#8221; _builder_version=&#8221;3.0.87&#8243; background_size=&#8221;initial&#8221; background_position=&#8221;top_left&#8221; background_repeat=&#8221;repeat&#8221; use_border_color=&#8221;off&#8221; border_color=&#8221;#ffffff&#8221; border_style=&#8221;solid&#8221;]<\/p>\n<p>Under \u00e5ren har WKB haft m\u00e5nga v\u00e4lk\u00e4nda f\u00f6retagskunder samt st\u00f6rre och mindre privata arrangemang. V\u00e5ra festlokaler har kapacitet att ta emot v\u00e4ldigt stora s\u00e4llskap och skr\u00e4ddarsyr varje event efter kundens \u00f6nskem\u00e5l. Vi har \u00e4ven en omfattande catering- och konferensverksamhet.<\/p>\n<p>Vi har haft n\u00f6jet att vara v\u00e4rd \u00e5t bland annat<strong> ICA, IKEA, Astra Zeneca, SEB, Kanal 5, BRIS, Juristhuset,\u00a0H.M. Konung Carl XVI Gustaf &amp; H.M. Drottning Silvia<\/strong>\u00a0samt ett o\u00e4ndligt antal privata events s\u00e5som f\u00f6delsedagsfester och br\u00f6llopsarrangemang.<\/p>\n<p>WKB har \u00e4ven medverkat p\u00e5 en rad stora evenemang i Kungstr\u00e4dg\u00e5rden bl.a. <strong>World Police and Fire Games (1999), Tall Ships Race (2000), Asian Festival (2001), Stockholms Festvecka (2002), Restaurangernas Dagar (1998-2003) och Smaka p\u00e5 Stockholm (2004-2014)<\/strong>. Under dessa festivaler i Kungstr\u00e4dg\u00e5rden kommer det flera hundra tusen bes\u00f6kare varje \u00e5r. P\u00e5 en solig dag kan vi s\u00e4lja n\u00e5gra tusen portioner mat.<\/p>\n<p>Du \u00e4r v\u00e4lkommen att skicka in en offertf\u00f6rfr\u00e5gan till <a href=\"mailto:info@wkb.se\">info@wkb.se<span style=\"color: #000000;\">.<\/span><\/a><\/p>\n<p>[\/et_pb_text][\/et_pb_column][\/et_pb_row][et_pb_row admin_label=&#8221;Row&#8221; _builder_version=&#8221;3.0.48&#8243; background_size=&#8221;initial&#8221; background_position=&#8221;top_left&#8221; background_repeat=&#8221;repeat&#8221;][et_pb_column type=&#8221;1_3&#8243; _builder_version=&#8221;3.0.47&#8243; parallax=&#8221;off&#8221; parallax_method=&#8221;on&#8221;][et_pb_gallery gallery_ids=&#8221;931,927,928,930,929,926,925,924,923&#8243; fullwidth=&#8221;on&#8221; admin_label=&#8221;Gallery&#8221; _builder_version=&#8221;3.0.87&#8243; caption_all_caps=&#8221;off&#8221; auto=&#8221;on&#8221; auto_speed=&#8221;3600&#8243; use_border_color=&#8221;off&#8221; border_color=&#8221;#ffffff&#8221; border_style=&#8221;solid&#8221;] [\/et_pb_gallery][\/et_pb_column][et_pb_column type=&#8221;1_3&#8243; _builder_version=&#8221;3.0.47&#8243; parallax=&#8221;off&#8221; parallax_method=&#8221;on&#8221;][et_pb_gallery gallery_ids=&#8221;922,921,917,918,919,920,916,909,915&#8243; fullwidth=&#8221;on&#8221; admin_label=&#8221;Gallery&#8221; _builder_version=&#8221;3.0.87&#8243; caption_all_caps=&#8221;off&#8221; auto=&#8221;on&#8221; auto_speed=&#8221;3600&#8243; use_border_color=&#8221;off&#8221; border_color=&#8221;#ffffff&#8221; border_style=&#8221;solid&#8221;] [\/et_pb_gallery][\/et_pb_column][et_pb_column type=&#8221;1_3&#8243; _builder_version=&#8221;3.0.47&#8243; parallax=&#8221;off&#8221; parallax_method=&#8221;on&#8221;][et_pb_gallery gallery_ids=&#8221;914,913,912,911,910,908,907,906,905&#8243; fullwidth=&#8221;on&#8221; admin_label=&#8221;Gallery&#8221; _builder_version=&#8221;3.0.87&#8243; caption_all_caps=&#8221;off&#8221; auto=&#8221;on&#8221; auto_speed=&#8221;3600&#8243; use_border_color=&#8221;off&#8221; border_color=&#8221;#ffffff&#8221; border_style=&#8221;solid&#8221;] [\/et_pb_gallery][\/et_pb_column][\/et_pb_row][\/et_pb_section][et_pb_section fb_built=&#8221;1&#8243; custom_padding_last_edited=&#8221;on|desktop&#8221; admin_label=&#8221;section&#8221; _builder_version=&#8221;3.19.11&#8243; background_color=&#8221;rgba(0,0,0,0.82)&#8221; custom_padding_tablet=&#8221;50px|0|50px|0&#8243; transparent_background=&#8221;off&#8221; padding_mobile=&#8221;off&#8221;][et_pb_row make_fullwidth=&#8221;on&#8221; admin_label=&#8221;row&#8221; _builder_version=&#8221;3.19.11&#8243; background_size=&#8221;initial&#8221; background_position=&#8221;top_left&#8221; background_repeat=&#8221;repeat&#8221;][et_pb_column type=&#8221;4_4&#8243; _builder_version=&#8221;3.0.47&#8243; parallax=&#8221;off&#8221; parallax_method=&#8221;on&#8221;][et_pb_cta button_url=&#8221;http:\/\/test&#8221; admin_label=&#8221;N\u00f6jda kunder&#8221; _builder_version=&#8221;3.19.11&#8243; header_font=&#8221;||||||||&#8221; body_font=&#8221;||||||||&#8221; use_background_color=&#8221;off&#8221; background_size=&#8221;initial&#8221; background_position=&#8221;top_left&#8221; background_repeat=&#8221;repeat&#8221; use_border_color=&#8221;off&#8221; border_color=&#8221;#ffffff&#8221; border_style=&#8221;solid&#8221; button_letter_spacing_hover=&#8221;0&#8243; button_text_size__hover_enabled=&#8221;off&#8221; button_one_text_size__hover_enabled=&#8221;off&#8221; button_two_text_size__hover_enabled=&#8221;off&#8221; button_text_color__hover_enabled=&#8221;off&#8221; button_one_text_color__hover_enabled=&#8221;off&#8221; button_two_text_color__hover_enabled=&#8221;off&#8221; button_border_width__hover_enabled=&#8221;off&#8221; button_one_border_width__hover_enabled=&#8221;off&#8221; button_two_border_width__hover_enabled=&#8221;off&#8221; button_border_color__hover_enabled=&#8221;off&#8221; button_one_border_color__hover_enabled=&#8221;off&#8221; button_two_border_color__hover_enabled=&#8221;off&#8221; button_border_radius__hover_enabled=&#8221;off&#8221; button_one_border_radius__hover_enabled=&#8221;off&#8221; button_two_border_radius__hover_enabled=&#8221;off&#8221; button_letter_spacing__hover_enabled=&#8221;on&#8221; button_letter_spacing__hover=&#8221;0&#8243; button_one_letter_spacing__hover_enabled=&#8221;off&#8221; button_two_letter_spacing__hover_enabled=&#8221;off&#8221; button_bg_color__hover_enabled=&#8221;off&#8221; button_one_bg_color__hover_enabled=&#8221;off&#8221; button_two_bg_color__hover_enabled=&#8221;off&#8221;]<\/p>\n<h2><span style=\"font-size: x-large;\"><strong>N\u00f6jda Kunder<\/strong><\/span><\/h2>\n<p><span style=\"font-size: medium;\"><strong>Aleris,\u00a0Amnesty International,\u00a0AstraZeneca, BRIS, Banctec, B\u00e4ckstr\u00f6m Anl\u00e4ggning, City Mail, Dagens Nyheter,\u00a0DHL, H.M. Konung Carl XVI Gustaf &amp; H.M. Drottning Silvia, Enskede Rids\u00e4llskap, Farsta Sjukhem, F\u00f6rsvarsmakten, Gr\u00f6nsakshallen, Hammarby Fotboll, ICA Kvantum, ICA Maxi, IKEA, Juristhuset, Kanal 5, KPMG,\u00a0Kulturr\u00e5det,\u00a0LG Hockey Games, Managergruppen, McKinsey &amp; Company, MTR,\u00a0Naprapath\u00f6gskolan, NCC,\u00a0NOKAS, Oljibe, PAS Card, PEAB, Randstad, Relacom, Riksarkivet,\u00a0Samhall, SEB, Securitas,\u00a0Siba, Sj\u00f6fartsverket,\u00a0SM i karaoke, SM i Ostron\u00f6ppning, Socialstyrelsen,\u00a0Special Pedagogiska Skolmyndigheten,\u00a0Stockholms Brandf\u00f6rsvar,\u00a0Stockholms Byggm\u00e4staref\u00f6rening,\u00a0Stockholmsm\u00e4ssan, Stockholms Stad,\u00a0St\u00f6ldskyddsf\u00f6reningen,\u00a0Svenska Elektrikerf\u00f6rbundet, Svenska Spel,\u00a0SWECO, S\u00f6derberg &amp; Partner, Trafikverket, Tullverket,\u00a0Tyres\u00f6 Kommun, Veriday, Vin &amp; Sprit, Widriksson \u00c5keri. Diverse privata arrangemang, Batik Modevisning, Br\u00f6llopsfester, Cubansk salsafest, Invigningar, Ny\u00e5rsfester, Matlagningskurser, Medlemsklubbar, Privata f\u00f6delsedagsfester,\u00a0Thail\u00e4ndsk festival. Medverkat p\u00e5 stora festivaler, World Police and Fire Games (1999), Tall Ships Race (2000), Asian Festival (2001), Stockholms Festvecka (2002), Restaurangernas Dagar (1998-2003), Smaka p\u00e5 Stockholm (2004-2014) m.fl.<\/strong><\/span><\/p>\n<p>[\/et_pb_cta][\/et_pb_column][\/et_pb_row][\/et_pb_section]<\/p>\n","protected":false},"excerpt":{"rendered":"<p>[et_pb_section fb_built=&#8221;1&#8243; inner_shadow=&#8221;on&#8221; fullwidth=&#8221;on&#8221; custom_padding_last_edited=&#8221;on|desktop&#8221; admin_label=&#8221;section&#8221; _builder_version=&#8221;3.0.74&#8243; background_color=&#8221;#f3f3cd&#8221; custom_padding_tablet=&#8221;50px|0|50px|0&#8243; transparent_background=&#8221;off&#8221; padding_mobile=&#8221;off&#8221;][et_pb_fullwidth_header title=&#8221;Events&#8221; admin_label=&#8221;Fullwidth Header&#8221; _builder_version=&#8221;3.16&#8243; background_color=&#8221;rgba(255, 255, 255, 0)&#8221; background_layout=&#8221;light&#8221; button_one_letter_spacing_hover=&#8221;0&#8243; button_two_letter_spacing_hover=&#8221;0&#8243; button_one_text_size__hover_enabled=&#8221;off&#8221; button_two_text_size__hover_enabled=&#8221;off&#8221; button_one_text_color__hover_enabled=&#8221;off&#8221; button_two_text_color__hover_enabled=&#8221;off&#8221; button_one_border_width__hover_enabled=&#8221;off&#8221; button_two_border_width__hover_enabled=&#8221;off&#8221; button_one_border_color__hover_enabled=&#8221;off&#8221; button_two_border_color__hover_enabled=&#8221;off&#8221; button_one_border_radius__hover_enabled=&#8221;off&#8221; button_two_border_radius__hover_enabled=&#8221;off&#8221; button_one_letter_spacing__hover_enabled=&#8221;on&#8221; button_one_letter_spacing__hover=&#8221;0&#8243; button_two_letter_spacing__hover_enabled=&#8221;on&#8221; button_two_letter_spacing__hover=&#8221;0&#8243; button_one_bg_color__hover_enabled=&#8221;off&#8221; button_two_bg_color__hover_enabled=&#8221;off&#8221;] Festv\u00e5ning, catering, festivaler &amp; andra evenemang. [\/et_pb_fullwidth_header][\/et_pb_section][et_pb_section fb_built=&#8221;1&#8243; admin_label=&#8221;Section&#8221; _builder_version=&#8221;3.0.47&#8243;][et_pb_row admin_label=&#8221;Rad&#8221; _builder_version=&#8221;3.0.48&#8243; background_size=&#8221;initial&#8221; background_position=&#8221;top_left&#8221; background_repeat=&#8221;repeat&#8221;][et_pb_column type=&#8221;4_4&#8243; _builder_version=&#8221;3.0.47&#8243; [&hellip;]<\/p>\n","protected":false},"author":1,"featured_media":0,"parent":0,"menu_order":0,"comment_status":"closed","ping_status":"closed","template":"","meta":{"_et_pb_use_builder":"on","_et_pb_old_content":"","footnotes":""},"class_list":["post-64","page","type-page","status-publish","hentry"],"_links":{"self":[{"href":"https:\/\/wkb.se\/index.php?rest_route=\/wp\/v2\/pages\/64"}],"collection":[{"href":"https:\/\/wkb.se\/index.php?rest_route=\/wp\/v2\/pages"}],"about":[{"href":"https:\/\/wkb.se\/index.php?rest_route=\/wp\/v2\/types\/page"}],"author":[{"embeddable":true,"href":"https:\/\/wkb.se\/index.php?rest_route=\/wp\/v2\/users\/1"}],"replies":[{"embeddable":true,"href":"https:\/\/wkb.se\/index.php?rest_route=%2Fwp%2Fv2%2Fcomments&post=64"}],"version-history":[{"count":62,"href":"https:\/\/wkb.se\/index.php?rest_route=\/wp\/v2\/pages\/64\/revisions"}],"predecessor-version":[{"id":57048,"href":"https:\/\/wkb.se\/index.php?rest_route=\/wp\/v2\/pages\/64\/revisions\/57048"}],"wp:attachment":[{"href":"https:\/\/wkb.se\/index.php?rest_route=%2Fwp%2Fv2%2Fmedia&parent=64"}],"curies":[{"name":"wp","href":"https:\/\/api.w.org\/{rel}","templated":true}]}}