{"id":58,"date":"2015-12-15T23:34:17","date_gmt":"2015-12-15T22:34:17","guid":{"rendered":"http:\/\/wkb.se\/?page_id=58"},"modified":"2016-02-26T11:21:37","modified_gmt":"2016-02-26T10:21:37","slug":"restauranger","status":"publish","type":"page","link":"https:\/\/wkb.se\/?page_id=58","title":{"rendered":"Restauranger"},"content":{"rendered":"<p>[et_pb_section admin_label=&#8221;section&#8221; background_color=&#8221;#3f3f3f&#8221; inner_shadow=&#8221;on&#8221; fullwidth=&#8221;on&#8221; transparent_background=&#8221;off&#8221; allow_player_pause=&#8221;off&#8221; parallax=&#8221;off&#8221; parallax_method=&#8221;off&#8221; padding_mobile=&#8221;off&#8221; make_fullwidth=&#8221;off&#8221; use_custom_width=&#8221;off&#8221; width_unit=&#8221;on&#8221; make_equal=&#8221;off&#8221; use_custom_gutter=&#8221;off&#8221;][et_pb_fullwidth_header admin_label=&#8221;Fullwidth Header&#8221; title=&#8221;WKB Restauranger&#8221; subhead=&#8221;Stammis sedan 1989&#8243; background_layout=&#8221;light&#8221; text_orientation=&#8221;left&#8221; header_fullscreen=&#8221;off&#8221; header_scroll_down=&#8221;off&#8221; parallax=&#8221;off&#8221; parallax_method=&#8221;off&#8221; content_orientation=&#8221;center&#8221; image_orientation=&#8221;center&#8221; custom_button_one=&#8221;off&#8221; button_one_letter_spacing=&#8221;0&#8243; button_one_use_icon=&#8221;default&#8221; button_one_icon_placement=&#8221;right&#8221; button_one_on_hover=&#8221;on&#8221; button_one_letter_spacing_hover=&#8221;0&#8243; custom_button_two=&#8221;off&#8221; button_two_letter_spacing=&#8221;0&#8243; button_two_use_icon=&#8221;default&#8221; button_two_icon_placement=&#8221;right&#8221; button_two_on_hover=&#8221;on&#8221; button_two_letter_spacing_hover=&#8221;0&#8243; background_color=&#8221;#f3f3cd&#8221;] [\/et_pb_fullwidth_header][\/et_pb_section][et_pb_section admin_label=&#8221;section&#8221;][et_pb_row admin_label=&#8221;row&#8221;][et_pb_column type=&#8221;1_3&#8243;][et_pb_image admin_label=&#8221;Image&#8221; src=&#8221;http:\/\/wkb.se\/wp-content\/uploads\/2015\/12\/gardet_rest_20558.jpg&#8221; animation=&#8221;left&#8221; show_in_lightbox=&#8221;off&#8221; url_new_window=&#8221;off&#8221; sticky=&#8221;off&#8221; align=&#8221;left&#8221; force_fullwidth=&#8221;off&#8221; always_center_on_mobile=&#8221;on&#8221; use_border_color=&#8221;off&#8221; border_color=&#8221;#ffffff&#8221; border_style=&#8221;solid&#8221; url=&#8221;http:\/\/wkb.se\/?page_id=89&#8243; use_overlay=&#8221;off&#8221;] [\/et_pb_image][et_pb_cta admin_label=&#8221;L\u00e4s Mer&#8221; title=&#8221;WKB G\u00e4rdet&#8221; url_new_window=&#8221;off&#8221; button_text=&#8221;L\u00e4s Mer&#8221; use_background_color=&#8221;off&#8221; background_color=&#8221;rgba(255,255,255,0)&#8221; background_layout=&#8221;light&#8221; text_orientation=&#8221;left&#8221; use_border_color=&#8221;off&#8221; border_color=&#8221;#ffffff&#8221; border_style=&#8221;solid&#8221; custom_button=&#8221;off&#8221; button_letter_spacing=&#8221;0&#8243; button_use_icon=&#8221;default&#8221; button_icon_placement=&#8221;right&#8221; button_on_hover=&#8221;on&#8221; button_letter_spacing_hover=&#8221;0&#8243; button_url=&#8221;?page_id=89&#8243;]<\/p>\n<p>WKB G\u00e4rdet \u00e4r under dagtid en lunchrestaurang. G\u00e4rdets matsal, \u00e4r den ordinarie stora och ljusa lunchmatsalen, en perfekt festlokal l\u00e4mpad f\u00f6r ett lite st\u00f6rre s\u00e4llskap s\u00e5som br\u00f6llop, kickoffer m.m.<\/p>\n<p>[\/et_pb_cta][\/et_pb_column][et_pb_column type=&#8221;1_3&#8243;][et_pb_image admin_label=&#8221;Image&#8221; src=&#8221;http:\/\/wkb.se\/wp-content\/uploads\/2016\/01\/wkb_marieberg.jpg&#8221; animation=&#8221;top&#8221; show_in_lightbox=&#8221;off&#8221; url_new_window=&#8221;off&#8221; sticky=&#8221;off&#8221; align=&#8221;left&#8221; force_fullwidth=&#8221;off&#8221; always_center_on_mobile=&#8221;on&#8221; use_border_color=&#8221;off&#8221; border_color=&#8221;#ffffff&#8221; border_style=&#8221;solid&#8221; url=&#8221;http:\/\/wkb.se\/?page_id=91&#8243; use_overlay=&#8221;off&#8221;] [\/et_pb_image][et_pb_cta admin_label=&#8221;L\u00e4s Mer&#8221; title=&#8221;WKB Marieberg&#8221; url_new_window=&#8221;off&#8221; button_text=&#8221;L\u00e4s Mer&#8221; use_background_color=&#8221;off&#8221; background_color=&#8221;rgba(255,255,255,0)&#8221; background_layout=&#8221;light&#8221; text_orientation=&#8221;left&#8221; use_border_color=&#8221;off&#8221; border_color=&#8221;#ffffff&#8221; border_style=&#8221;solid&#8221; custom_button=&#8221;off&#8221; button_letter_spacing=&#8221;0&#8243; button_use_icon=&#8221;default&#8221; button_icon_placement=&#8221;right&#8221; button_on_hover=&#8221;on&#8221; button_letter_spacing_hover=&#8221;0&#8243; button_url=&#8221;?page_id=91&#8243;]<\/p>\n<p>WKB Marieberg ligger p\u00e5 bottenv\u00e5ningen i SWECO-skrapan. Restaurangen serverar en trevlig lunchbuff\u00e9 och har ca 350 antal sittplatser. Matsalen kan hyras med ett g\u00e4stantal upp till ca 500 personer.<\/p>\n<p>[\/et_pb_cta][\/et_pb_column][et_pb_column type=&#8221;1_3&#8243;][et_pb_image admin_label=&#8221;Image&#8221; src=&#8221;http:\/\/wkb.se\/wp-content\/uploads\/2016\/01\/wkb_vestberga.jpg&#8221; animation=&#8221;right&#8221; show_in_lightbox=&#8221;off&#8221; url_new_window=&#8221;off&#8221; sticky=&#8221;off&#8221; align=&#8221;left&#8221; force_fullwidth=&#8221;off&#8221; always_center_on_mobile=&#8221;on&#8221; use_border_color=&#8221;off&#8221; border_color=&#8221;#ffffff&#8221; border_style=&#8221;solid&#8221; url=&#8221;http:\/\/wkb.se\/?page_id=93&#8243; use_overlay=&#8221;off&#8221;] [\/et_pb_image][et_pb_cta admin_label=&#8221;L\u00e4s Mer&#8221; title=&#8221;WKB V\u00e4stberga&#8221; url_new_window=&#8221;off&#8221; button_text=&#8221;L\u00e4s Mer&#8221; use_background_color=&#8221;off&#8221; background_color=&#8221;rgba(255,255,255,0)&#8221; background_layout=&#8221;light&#8221; text_orientation=&#8221;left&#8221; use_border_color=&#8221;off&#8221; border_color=&#8221;#ffffff&#8221; border_style=&#8221;solid&#8221; custom_button=&#8221;off&#8221; button_letter_spacing=&#8221;0&#8243; button_use_icon=&#8221;default&#8221; button_icon_placement=&#8221;right&#8221; button_on_hover=&#8221;on&#8221; button_letter_spacing_hover=&#8221;0&#8243; button_url=&#8221;?page_id=93&#8243;]<\/p>\n<p>WKB V\u00e4stberga\u00b4s restaurangdel ligger p\u00e5 2:a v\u00e5ningen p\u00e5 V\u00e4stberga all\u00e9 36A och den stora konferensdelen ligger p\u00e5 bottenplan med direkt entr\u00e9 fr\u00e5n gatan. Restaurangen serverar lunchbuff\u00e9 och har ca 350 antal sittplatser.<\/p>\n<p>[\/et_pb_cta][\/et_pb_column][\/et_pb_row][\/et_pb_section]<\/p>\n","protected":false},"excerpt":{"rendered":"<p>[et_pb_section admin_label=&#8221;section&#8221; background_color=&#8221;#3f3f3f&#8221; inner_shadow=&#8221;on&#8221; fullwidth=&#8221;on&#8221; transparent_background=&#8221;off&#8221; allow_player_pause=&#8221;off&#8221; parallax=&#8221;off&#8221; parallax_method=&#8221;off&#8221; padding_mobile=&#8221;off&#8221; make_fullwidth=&#8221;off&#8221; use_custom_width=&#8221;off&#8221; width_unit=&#8221;on&#8221; make_equal=&#8221;off&#8221; use_custom_gutter=&#8221;off&#8221;][et_pb_fullwidth_header admin_label=&#8221;Fullwidth Header&#8221; title=&#8221;WKB Restauranger&#8221; subhead=&#8221;Stammis sedan 1989&#8243; background_layout=&#8221;light&#8221; text_orientation=&#8221;left&#8221; header_fullscreen=&#8221;off&#8221; header_scroll_down=&#8221;off&#8221; parallax=&#8221;off&#8221; parallax_method=&#8221;off&#8221; content_orientation=&#8221;center&#8221; image_orientation=&#8221;center&#8221; custom_button_one=&#8221;off&#8221; button_one_letter_spacing=&#8221;0&#8243; button_one_use_icon=&#8221;default&#8221; button_one_icon_placement=&#8221;right&#8221; button_one_on_hover=&#8221;on&#8221; button_one_letter_spacing_hover=&#8221;0&#8243; custom_button_two=&#8221;off&#8221; button_two_letter_spacing=&#8221;0&#8243; button_two_use_icon=&#8221;default&#8221; button_two_icon_placement=&#8221;right&#8221; button_two_on_hover=&#8221;on&#8221; button_two_letter_spacing_hover=&#8221;0&#8243; background_color=&#8221;#f3f3cd&#8221;] [\/et_pb_fullwidth_header][\/et_pb_section][et_pb_section admin_label=&#8221;section&#8221;][et_pb_row admin_label=&#8221;row&#8221;][et_pb_column type=&#8221;1_3&#8243;][et_pb_image admin_label=&#8221;Image&#8221; src=&#8221;http:\/\/wkb.se\/wp-content\/uploads\/2015\/12\/gardet_rest_20558.jpg&#8221; animation=&#8221;left&#8221; show_in_lightbox=&#8221;off&#8221; url_new_window=&#8221;off&#8221; sticky=&#8221;off&#8221; align=&#8221;left&#8221; force_fullwidth=&#8221;off&#8221; [&hellip;]<\/p>\n","protected":false},"author":1,"featured_media":0,"parent":0,"menu_order":0,"comment_status":"closed","ping_status":"closed","template":"","meta":{"_et_pb_use_builder":"on","_et_pb_old_content":"","footnotes":""},"class_list":["post-58","page","type-page","status-publish","hentry"],"_links":{"self":[{"href":"https:\/\/wkb.se\/index.php?rest_route=\/wp\/v2\/pages\/58"}],"collection":[{"href":"https:\/\/wkb.se\/index.php?rest_route=\/wp\/v2\/pages"}],"about":[{"href":"https:\/\/wkb.se\/index.php?rest_route=\/wp\/v2\/types\/page"}],"author":[{"embeddable":true,"href":"https:\/\/wkb.se\/index.php?rest_route=\/wp\/v2\/users\/1"}],"replies":[{"embeddable":true,"href":"https:\/\/wkb.se\/index.php?rest_route=%2Fwp%2Fv2%2Fcomments&post=58"}],"version-history":[{"count":21,"href":"https:\/\/wkb.se\/index.php?rest_route=\/wp\/v2\/pages\/58\/revisions"}],"predecessor-version":[{"id":544,"href":"https:\/\/wkb.se\/index.php?rest_route=\/wp\/v2\/pages\/58\/revisions\/544"}],"wp:attachment":[{"href":"https:\/\/wkb.se\/index.php?rest_route=%2Fwp%2Fv2%2Fmedia&parent=58"}],"curies":[{"name":"wp","href":"https:\/\/api.w.org\/{rel}","templated":true}]}}