{"id":10,"date":"2015-12-07T22:22:13","date_gmt":"2015-12-07T21:22:13","guid":{"rendered":"http:\/\/wkb.se\/?page_id=10"},"modified":"2026-01-09T17:18:31","modified_gmt":"2026-01-09T16:18:31","slug":"start","status":"publish","type":"page","link":"https:\/\/wkb.se\/","title":{"rendered":"Start"},"content":{"rendered":"<p>[et_pb_section fb_built=&#8221;1&#8243; fullwidth=&#8221;on&#8221; _builder_version=&#8221;3.19.11&#8243;][et_pb_fullwidth_header title=&#8221;WKB RESTAURANGER&#8221; text_orientation=&#8221;center&#8221; header_fullscreen=&#8221;on&#8221; button_one_text=&#8221;Kontakta oss&#8221; button_one_url=&#8221;?page_id=66&#8243; _builder_version=&#8221;3.19.11&#8243; title_font=&#8221;|700|||||||&#8221; title_text_align=&#8221;center&#8221; title_font_size=&#8221;50px&#8221; title_font_size_phone=&#8221;33px&#8221; title_font_size_last_edited=&#8221;on|phone&#8221; title_text_shadow_style=&#8221;preset1&#8243; content_text_shadow_style=&#8221;preset1&#8243; subhead_font=&#8221;|on|||&#8221; subhead_text_shadow_style=&#8221;preset1&#8243; background_color=&#8221;rgba(255,255,255,0)&#8221; background_image=&#8221;http:\/\/wkb.se\/wp-content\/uploads\/2015\/12\/sunshine.jpg&#8221; parallax=&#8221;on&#8221; max_width_tablet=&#8221;50px&#8221; custom_padding=&#8221;10px|10px|10px|10px&#8221; custom_padding_last_edited=&#8221;on|phone&#8221; text_shadow_style=&#8221;preset1&#8243; custom_css_title=&#8221;text-shadow: 2px 2px 8px #000000;&#8221; custom_css_subtitle=&#8221;text-shadow: 2px 2px 8px #000000;&#8221; inline_fonts=&#8221;Cherry Swash&#8221; button_one_text_size__hover_enabled=&#8221;off&#8221; button_two_text_size__hover_enabled=&#8221;off&#8221; button_one_text_color__hover_enabled=&#8221;off&#8221; button_two_text_color__hover_enabled=&#8221;off&#8221; button_one_border_width__hover_enabled=&#8221;off&#8221; button_two_border_width__hover_enabled=&#8221;off&#8221; button_one_border_color__hover_enabled=&#8221;off&#8221; button_two_border_color__hover_enabled=&#8221;off&#8221; button_one_border_radius__hover_enabled=&#8221;off&#8221; button_two_border_radius__hover_enabled=&#8221;off&#8221; button_one_letter_spacing__hover_enabled=&#8221;off&#8221; button_two_letter_spacing__hover_enabled=&#8221;off&#8221; button_one_bg_color__hover_enabled=&#8221;off&#8221; button_two_bg_color__hover_enabled=&#8221;off&#8221;]<\/p>\n<p><span style=\"font-size: large;\"><strong>HUSMANSKOST &#8211; ASIATISKT &#8211; BUFF\u00c9KONCEPTET &#8211; SEDAN 1989<\/strong><\/span><\/p>\n<p>&nbsp;<\/p>\n<p>[\/et_pb_fullwidth_header][\/et_pb_section][et_pb_section fb_built=&#8221;1&#8243; disabled_on=&#8221;off|off|off&#8221; _builder_version=&#8221;3.19.11&#8243; background_color=&#8221;rgba(0,0,0,0.82)&#8221; background_image=&#8221;http:\/\/wkb.se\/wp-content\/uploads\/2015\/12\/chef.jpg&#8221;][et_pb_row custom_margin=&#8221;||&#8221; _builder_version=&#8221;3.19.11&#8243;][et_pb_column type=&#8221;4_4&#8243; _builder_version=&#8221;3.19.11&#8243; parallax=&#8221;off&#8221; parallax_method=&#8221;on&#8221;][et_pb_text _builder_version=&#8221;3.19.11&#8243; header_font=&#8221;||||||||&#8221; header_text_align=&#8221;center&#8221; header_text_color=&#8221;#ffffff&#8221;]<\/p>\n<h1><\/h1>\n<h1><\/h1>\n<h1><strong style=\"font-size: 30px;\">F\u00f6rstklassig catering f\u00f6r alla tillf\u00e4llen &#8211; best\u00e4ll hos WKB!<\/strong><\/h1>\n<p>[\/et_pb_text][et_pb_button button_url=&#8221;https:\/\/wkb.se\/?page_id=101&#8243; button_text=&#8221;Catering &#038; Events&#8221; button_alignment=&#8221;center&#8221; _builder_version=&#8221;3.19.11&#8243; background_layout=&#8221;dark&#8221; custom_margin=&#8221;||50px&#8221;][\/et_pb_button][\/et_pb_column][\/et_pb_row][\/et_pb_section][et_pb_section fb_built=&#8221;1&#8243; disabled_on=&#8221;off|off|off&#8221; _builder_version=&#8221;3.19.11&#8243; background_color=&#8221;rgba(0,0,0,0.82)&#8221;][et_pb_row make_fullwidth=&#8221;on&#8221; padding_mobile=&#8221;off&#8221; column_padding_mobile=&#8221;on&#8221; parallax_method_1=&#8221;off&#8221; disabled_on=&#8221;off|off|off&#8221; _builder_version=&#8221;3.19.11&#8243; background_size=&#8221;initial&#8221; background_position=&#8221;top_left&#8221; background_repeat=&#8221;repeat&#8221;][et_pb_column type=&#8221;4_4&#8243; _builder_version=&#8221;3.0.47&#8243; column_padding_mobile=&#8221;on&#8221; parallax=&#8221;off&#8221; parallax_method=&#8221;off&#8221;][et_pb_text disabled_on=&#8221;off|off|off&#8221; admin_label=&#8221;N\u00f6jda kunder&#8221; _builder_version=&#8221;3.19.11&#8243; background_size=&#8221;initial&#8221; background_position=&#8221;top_left&#8221; background_repeat=&#8221;repeat&#8221; text_orientation=&#8221;center&#8221; module_alignment=&#8221;center&#8221; custom_padding_phone=&#8221;20px||20px|&#8221; custom_padding_last_edited=&#8221;on|phone&#8221; use_border_color=&#8221;off&#8221;]<\/p>\n<h2><span style=\"color: #ffffff;\"><strong>N\u00f6jda Kunder<\/strong><\/span><\/h2>\n<p><span style=\"color: #ffffff; font-size: medium;\"><strong>Aleris,\u00a0Amnesty International,\u00a0AstraZeneca, Banctec, Bonnier News Tech, BRIS, B\u00e4ckstr\u00f6m Anl\u00e4ggning, City Mail, Dagens Nyheter,\u00a0DHL, H.M. Konung Carl XVI Gustaf &amp; H.M. Drottning Silvia, Enskede Rids\u00e4llskap, Farsta Sjukhem, F\u00f6rsvarsmakten, Gr\u00f6nsakshallen, Hammarby Fotboll, ICA Kvantum, ICA Maxi, IKEA, Juristhuset, Kanal 5, KPMG,\u00a0Kulturr\u00e5det,\u00a0LG Hockey Games, Managergruppen, McKinsey &amp; Company, MENSA, MTR,\u00a0Naprapath\u00f6gskolan, NCC,\u00a0NOKAS, Oljibe, PAS Card, PEAB, Randstad, Relacom, Riksarkivet,\u00a0Samhall, SEB, Securitas,\u00a0Siba, Sj\u00f6fartsverket,\u00a0SM i karaoke, SM i Ostron\u00f6ppning, Socialstyrelsen,\u00a0Special Pedagogiska Skolmyndigheten,\u00a0Stockholms Brandf\u00f6rsvar,\u00a0Stockholms Byggm\u00e4staref\u00f6rening,\u00a0Stockholmsm\u00e4ssan, Stockholms Stad,\u00a0St\u00f6ldskyddsf\u00f6reningen,\u00a0Svenska Elektrikerf\u00f6rbundet, Svenska Spel,\u00a0SWECO, S\u00f6derberg &amp; Partner, Trafikverket, Tullverket,\u00a0Tyres\u00f6 Kommun, Veriday, Vin &amp; Sprit, Widriksson \u00c5keri. Diverse privata arrangemang, Batik Modevisning, Br\u00f6llopsfester, Cubansk salsafest, Invigningar, Ny\u00e5rsfester, Matlagningskurser, Medlemsklubbar, Privata f\u00f6delsedagsfester,\u00a0Thail\u00e4ndsk festival. Medverkat p\u00e5 stora festivaler, World Police and Fire Games (1999), Tall Ships Race (2000), Asian Festival (2001), Stockholms Festvecka (2002), Restaurangernas Dagar (1998-2003), Smaka p\u00e5 Stockholm (2004-2014) m.fl.<\/strong><\/span>[\/et_pb_text][\/et_pb_column][\/et_pb_row][\/et_pb_section][et_pb_section fb_built=&#8221;1&#8243; fullwidth=&#8221;on&#8221; custom_padding_last_edited=&#8221;on|desktop&#8221; _builder_version=&#8221;3.0.95&#8243; custom_padding_tablet=&#8221;50px|0|50px|0&#8243;][et_pb_fullwidth_header title=&#8221;WKB AVH\u00c4MTNING&#8221; subhead=&#8221;F\u00e4rdiga matl\u00e5dor 85kr. Se veckans lunch p\u00e5 WKB G\u00e4rdet \/ WKB Marieberg. \u00d6ppet kl.9-15&#8243; text_orientation=&#8221;center&#8221; button_one_text=&#8221;Best\u00e4ll h\u00e4r!&#8221; button_one_url=&#8221;http:\/\/wkb.se\/?page_id=47009&#8243; title_font_color=&#8221;#abbf13&#8243; subhead_font_color=&#8221;#abbf13&#8243; content_font_color=&#8221;#abbf13&#8243; disabled_on=&#8221;on|on|on&#8221; _builder_version=&#8221;3.19.11&#8243; title_font=&#8221;|700||on|||||&#8221; title_text_color=&#8221;#ffffff&#8221; title_font_size=&#8221;42px&#8221; title_text_shadow_style=&#8221;preset1&#8243; content_font=&#8221;|600|||||||&#8221; content_text_color=&#8221;#abbf13&#8243; content_font_size=&#8221;16px&#8221; subhead_font=&#8221;|700|||||||&#8221; subhead_text_color=&#8221;#ffffff&#8221; subhead_font_size=&#8221;17px&#8221; background_color=&#8221;rgba(255,255,255,0)&#8221; background_image=&#8221;http:\/\/wkb.se\/wp-content\/uploads\/2020\/03\/drive.jpg&#8221; background_position=&#8221;top_center&#8221; background_blend=&#8221;lighten&#8221; custom_button_one=&#8221;on&#8221; button_one_text_color=&#8221;#000000&#8243; button_one_bg_color=&#8221;#ffffff&#8221; button_one_font=&#8221;||||||||&#8221; button_one_use_icon=&#8221;default&#8221; background_layout=&#8221;light&#8221; text_shadow_style=&#8221;preset1&#8243; text_shadow_color=&#8221;#000000&#8243; background_url=&#8221;http:\/\/wkb.se\/wp-content\/uploads\/2015\/12\/onion1900_2.jpg&#8221; button_one_letter_spacing_hover=&#8221;0&#8243; button_two_letter_spacing_hover=&#8221;0&#8243; disabled=&#8221;on&#8221; button_one_text_size__hover_enabled=&#8221;off&#8221; button_two_text_size__hover_enabled=&#8221;off&#8221; button_one_text_color__hover_enabled=&#8221;off&#8221; button_two_text_color__hover_enabled=&#8221;off&#8221; button_one_border_width__hover_enabled=&#8221;off&#8221; button_two_border_width__hover_enabled=&#8221;off&#8221; button_one_border_color__hover_enabled=&#8221;off&#8221; button_two_border_color__hover_enabled=&#8221;off&#8221; button_one_border_radius__hover_enabled=&#8221;off&#8221; button_two_border_radius__hover_enabled=&#8221;off&#8221; button_one_letter_spacing__hover_enabled=&#8221;on&#8221; button_one_letter_spacing__hover=&#8221;0&#8243; button_two_letter_spacing__hover_enabled=&#8221;on&#8221; button_two_letter_spacing__hover=&#8221;0&#8243; button_one_bg_color__hover_enabled=&#8221;off&#8221; button_two_bg_color__hover_enabled=&#8221;off&#8221;]<\/p>\n<h1><span style=\"text-decoration: underline; color: #ffcc00;\"><a style=\"color: #ffcc00; text-decoration: underline;\" href=\"Tel:087370445\">08-7370445<\/a><\/span><\/h1>\n<p>[\/et_pb_fullwidth_header][\/et_pb_section][et_pb_section fb_built=&#8221;1&#8243; _builder_version=&#8221;3.19.11&#8243;][et_pb_row custom_margin=&#8221;20px||&#8221; _builder_version=&#8221;3.19.11&#8243;][et_pb_column type=&#8221;1_2&#8243; _builder_version=&#8221;3.19.11&#8243; parallax=&#8221;off&#8221; parallax_method=&#8221;on&#8221;][et_pb_text _builder_version=&#8221;3.19.11&#8243;]<\/p>\n<h1 style=\"text-align: center;\"><strong>WKB G\u00e4rdet<\/strong><\/h1>\n<p>[\/et_pb_text][et_pb_text _builder_version=&#8221;3.19.11&#8243;]<iframe loading=\"lazy\" style=\"border: 0;\" tabindex=\"0\" src=\"https:\/\/www.google.com\/maps\/embed?pb=!1m18!1m12!1m3!1d2034.507026295749!2d18.11027651604588!3d59.34118388166302!2m3!1f0!2f0!3f0!3m2!1i1024!2i768!4f13.1!3m3!1m2!1s0x465f82b51cdb1451%3A0x8836030c3f6ad970!2sSandhamnsgatan%2069%2C%20115%2028%20Stockholm%2C%20Sweden!5e0!3m2!1sen!2s!4v1585434290829!5m2!1sen!2s\" width=\"100%\" height=\"450\" frameborder=\"0\" allowfullscreen=\"allowfullscreen\" aria-hidden=\"false\"><\/iframe>[\/et_pb_text][\/et_pb_column][et_pb_column type=&#8221;1_2&#8243; _builder_version=&#8221;3.19.11&#8243; parallax=&#8221;off&#8221; parallax_method=&#8221;on&#8221;][et_pb_text _builder_version=&#8221;3.19.11&#8243;]<\/p>\n<h1 style=\"text-align: center;\"><strong>WKB V\u00e4stberga<\/strong><\/h1>\n<p>[\/et_pb_text][et_pb_text _builder_version=&#8221;3.19.11&#8243;]<iframe loading=\"lazy\" style=\"border: 0;\" tabindex=\"0\" src=\"https:\/\/www.google.com\/maps\/embed?pb=!1m18!1m12!1m3!1d2037.3409489172998!2d18.00882861604396!3d59.29386278164651!2m3!1f0!2f0!3f0!3m2!1i1024!2i768!4f13.1!3m3!1m2!1s0x465f77af5a3a7a8d%3A0x837c816d54a4af7e!2sV%C3%A4stberga%20All%C3%A9%2036A%2C%202%20tr%2C%20126%2030%20H%C3%A4gersten%2C%20Sweden!5e0!3m2!1sen!2s!4v1585434326894!5m2!1sen!2s\" width=\"100%\" height=\"450\" frameborder=\"0\" allowfullscreen=\"allowfullscreen\" aria-hidden=\"false\"><\/iframe>[\/et_pb_text][\/et_pb_column][\/et_pb_row][\/et_pb_section][et_pb_section fb_built=&#8221;1&#8243; disabled_on=&#8221;on|on|on&#8221; _builder_version=&#8221;3.19.11&#8243; background_color=&#8221;rgba(0,0,0,0.82)&#8221; background_image=&#8221;http:\/\/wkb.se\/wp-content\/uploads\/2015\/12\/julbord_002-2560&#215;1586.jpg&#8221; disabled=&#8221;on&#8221;][et_pb_row _builder_version=&#8221;3.19.11&#8243;][et_pb_column type=&#8221;4_4&#8243; _builder_version=&#8221;3.19.11&#8243; parallax=&#8221;off&#8221; parallax_method=&#8221;on&#8221;][et_pb_text _builder_version=&#8221;3.19.11&#8243; header_font=&#8221;||||||||&#8221; header_text_align=&#8221;center&#8221; header_text_color=&#8221;#ffffff&#8221;]<\/p>\n<h1><\/h1>\n<h1><\/h1>\n<h1><\/h1>\n<h1><\/h1>\n<h1><\/h1>\n<h1><\/h1>\n<h1><strong>Boka julbordet p\u00e5 WKB!<\/strong><\/h1>\n<p>[\/et_pb_text][et_pb_button button_url=&#8221;https:\/\/wkb.se\/?page_id=60&#8243; button_text=&#8221;Se menyer&#8221; button_alignment=&#8221;center&#8221; _builder_version=&#8221;3.19.11&#8243; background_layout=&#8221;dark&#8221; custom_margin=&#8221;||50px&#8221;][\/et_pb_button][\/et_pb_column][\/et_pb_row][et_pb_row _builder_version=&#8221;3.19.11&#8243;][et_pb_column type=&#8221;4_4&#8243; _builder_version=&#8221;3.19.11&#8243; parallax=&#8221;off&#8221; parallax_method=&#8221;on&#8221;][\/et_pb_column][\/et_pb_row][\/et_pb_section]<\/p>\n","protected":false},"excerpt":{"rendered":"<p>[et_pb_section fb_built=&#8221;1&#8243; fullwidth=&#8221;on&#8221; _builder_version=&#8221;3.19.11&#8243;][et_pb_fullwidth_header title=&#8221;WKB RESTAURANGER&#8221; text_orientation=&#8221;center&#8221; header_fullscreen=&#8221;on&#8221; button_one_text=&#8221;Kontakta oss&#8221; button_one_url=&#8221;?page_id=66&#8243; _builder_version=&#8221;3.19.11&#8243; title_font=&#8221;|700|||||||&#8221; title_text_align=&#8221;center&#8221; title_font_size=&#8221;50px&#8221; title_font_size_phone=&#8221;33px&#8221; title_font_size_last_edited=&#8221;on|phone&#8221; title_text_shadow_style=&#8221;preset1&#8243; content_text_shadow_style=&#8221;preset1&#8243; subhead_font=&#8221;|on|||&#8221; subhead_text_shadow_style=&#8221;preset1&#8243; background_color=&#8221;rgba(255,255,255,0)&#8221; background_image=&#8221;http:\/\/wkb.se\/wp-content\/uploads\/2015\/12\/sunshine.jpg&#8221; parallax=&#8221;on&#8221; max_width_tablet=&#8221;50px&#8221; custom_padding=&#8221;10px|10px|10px|10px&#8221; custom_padding_last_edited=&#8221;on|phone&#8221; text_shadow_style=&#8221;preset1&#8243; custom_css_title=&#8221;text-shadow: 2px 2px 8px #000000;&#8221; custom_css_subtitle=&#8221;text-shadow: 2px 2px 8px #000000;&#8221; inline_fonts=&#8221;Cherry Swash&#8221; button_one_text_size__hover_enabled=&#8221;off&#8221; button_two_text_size__hover_enabled=&#8221;off&#8221; button_one_text_color__hover_enabled=&#8221;off&#8221; button_two_text_color__hover_enabled=&#8221;off&#8221; button_one_border_width__hover_enabled=&#8221;off&#8221; button_two_border_width__hover_enabled=&#8221;off&#8221; button_one_border_color__hover_enabled=&#8221;off&#8221; button_two_border_color__hover_enabled=&#8221;off&#8221; button_one_border_radius__hover_enabled=&#8221;off&#8221; button_two_border_radius__hover_enabled=&#8221;off&#8221; button_one_letter_spacing__hover_enabled=&#8221;off&#8221; button_two_letter_spacing__hover_enabled=&#8221;off&#8221; button_one_bg_color__hover_enabled=&#8221;off&#8221; button_two_bg_color__hover_enabled=&#8221;off&#8221;] HUSMANSKOST [&hellip;]<\/p>\n","protected":false},"author":1,"featured_media":0,"parent":0,"menu_order":0,"comment_status":"closed","ping_status":"closed","template":"","meta":{"_et_pb_use_builder":"on","_et_pb_old_content":"Startsida","footnotes":""},"class_list":["post-10","page","type-page","status-publish","hentry"],"_links":{"self":[{"href":"https:\/\/wkb.se\/index.php?rest_route=\/wp\/v2\/pages\/10"}],"collection":[{"href":"https:\/\/wkb.se\/index.php?rest_route=\/wp\/v2\/pages"}],"about":[{"href":"https:\/\/wkb.se\/index.php?rest_route=\/wp\/v2\/types\/page"}],"author":[{"embeddable":true,"href":"https:\/\/wkb.se\/index.php?rest_route=\/wp\/v2\/users\/1"}],"replies":[{"embeddable":true,"href":"https:\/\/wkb.se\/index.php?rest_route=%2Fwp%2Fv2%2Fcomments&post=10"}],"version-history":[{"count":300,"href":"https:\/\/wkb.se\/index.php?rest_route=\/wp\/v2\/pages\/10\/revisions"}],"predecessor-version":[{"id":60915,"href":"https:\/\/wkb.se\/index.php?rest_route=\/wp\/v2\/pages\/10\/revisions\/60915"}],"wp:attachment":[{"href":"https:\/\/wkb.se\/index.php?rest_route=%2Fwp%2Fv2%2Fmedia&parent=10"}],"curies":[{"name":"wp","href":"https:\/\/api.w.org\/{rel}","templated":true}]}}